{"id":61,"date":"2018-07-25T18:58:58","date_gmt":"2018-07-25T16:58:58","guid":{"rendered":"http:\/\/carolor.org\/?page_id=61"},"modified":"2026-03-27T09:30:30","modified_gmt":"2026-03-27T08:30:30","slug":"accueil","status":"publish","type":"page","link":"https:\/\/carolor.org\/","title":{"rendered":"Accueil"},"content":{"rendered":"\t\t<div data-elementor-type=\"wp-page\" data-elementor-id=\"61\" class=\"elementor elementor-61\">\n\t\t\t\t\t\t<div class=\"elementor-inner\">\n\t\t\t\t<div class=\"elementor-section-wrap\">\n\t\t\t\t\t\t\t\t\t<section class=\"elementor-section elementor-top-section elementor-element elementor-element-63a9782 elementor-section-boxed elementor-section-height-default elementor-section-height-default\" data-id=\"63a9782\" data-element_type=\"section\">\n\t\t\t\t\t\t<div class=\"elementor-container elementor-column-gap-default\">\n\t\t\t\t\t\t\t<div class=\"elementor-row\">\n\t\t\t\t\t<div class=\"elementor-column elementor-col-33 elementor-top-column elementor-element elementor-element-b83addb\" data-id=\"b83addb\" data-element_type=\"column\">\n\t\t\t<div class=\"elementor-column-wrap elementor-element-populated\">\n\t\t\t\t\t\t\t<div class=\"elementor-widget-wrap\">\n\t\t\t\t\t\t<div class=\"elementor-element elementor-element-ddedce0 elementor-widget elementor-widget-image\" data-id=\"ddedce0\" data-element_type=\"widget\" data-widget_type=\"image.default\">\n\t\t\t\t<div class=\"elementor-widget-container\">\n\t\t\t\t\t\t\t\t<div class=\"elementor-image\">\n\t\t\t\t\t\t\t\t\t\t\t\t<img src=\"https:\/\/carolor.org\/wp-content\/uploads\/elementor\/thumbs\/smratphone_02-pluh3ne6yiuwy7kx8lxh5jrql4g3yrplo37bgn2fza.png\" title=\"smratphone_02\" alt=\"smratphone_02\" loading=\"lazy\" \/>\t\t\t\t\t\t\t\t\t\t\t\t\t\t<\/div>\n\t\t\t\t\t\t<\/div>\n\t\t\t\t<\/div>\n\t\t\t\t\t\t<\/div>\n\t\t\t\t\t<\/div>\n\t\t<\/div>\n\t\t\t\t<div class=\"elementor-column elementor-col-33 elementor-top-column elementor-element elementor-element-be379ec\" data-id=\"be379ec\" data-element_type=\"column\">\n\t\t\t<div class=\"elementor-column-wrap elementor-element-populated\">\n\t\t\t\t\t\t\t<div class=\"elementor-widget-wrap\">\n\t\t\t\t\t\t<div class=\"elementor-element elementor-element-723660b e-transform elementor-widget elementor-widget-image\" data-id=\"723660b\" data-element_type=\"widget\" data-settings=\"{&quot;_transform_rotateZ_effect_hover&quot;:{&quot;unit&quot;:&quot;px&quot;,&quot;size&quot;:&quot;&quot;,&quot;sizes&quot;:[]},&quot;_transform_rotateZ_effect_hover_tablet&quot;:{&quot;unit&quot;:&quot;deg&quot;,&quot;size&quot;:&quot;&quot;,&quot;sizes&quot;:[]},&quot;_transform_rotateZ_effect_hover_mobile&quot;:{&quot;unit&quot;:&quot;deg&quot;,&quot;size&quot;:&quot;&quot;,&quot;sizes&quot;:[]}}\" data-widget_type=\"image.default\">\n\t\t\t\t<div class=\"elementor-widget-container\">\n\t\t\t\t\t\t\t\t<div class=\"elementor-image\">\n\t\t\t\t\t\t\t\t\t\t\t\t\t<a href=\"https:\/\/carolor.org\/index.php\/2026\/03\/25\/avril-le-mois-ou-charleroi-devient-superlocal-etes-vous-prets\/\">\n\t\t\t\t\t\t\t<img width=\"525\" height=\"525\" src=\"https:\/\/carolor.org\/wp-content\/uploads\/2026\/03\/mois-sans-sup_profil-FB-1024x1024.jpg\" class=\"attachment-large size-large wp-image-6418\" alt=\"MOISSANSSUPERMARCHE\" loading=\"lazy\" srcset=\"https:\/\/carolor.org\/wp-content\/uploads\/2026\/03\/mois-sans-sup_profil-FB-1024x1024.jpg 1024w, https:\/\/carolor.org\/wp-content\/uploads\/2026\/03\/mois-sans-sup_profil-FB-300x300.jpg 300w, https:\/\/carolor.org\/wp-content\/uploads\/2026\/03\/mois-sans-sup_profil-FB-150x150.jpg 150w, https:\/\/carolor.org\/wp-content\/uploads\/2026\/03\/mois-sans-sup_profil-FB-768x768.jpg 768w, https:\/\/carolor.org\/wp-content\/uploads\/2026\/03\/mois-sans-sup_profil-FB-1536x1536.jpg 1536w, https:\/\/carolor.org\/wp-content\/uploads\/2026\/03\/mois-sans-sup_profil-FB-2048x2048.jpg 2048w, https:\/\/carolor.org\/wp-content\/uploads\/2026\/03\/mois-sans-sup_profil-FB-100x100.jpg 100w\" sizes=\"100vw\" \/>\t\t\t\t\t\t\t\t<\/a>\n\t\t\t\t\t\t\t\t\t\t\t\t\t\t<\/div>\n\t\t\t\t\t\t<\/div>\n\t\t\t\t<\/div>\n\t\t\t\t<div class=\"elementor-element elementor-element-3a94624 elementor-align-justify elementor-widget elementor-widget-button\" data-id=\"3a94624\" data-element_type=\"widget\" data-widget_type=\"button.default\">\n\t\t\t\t<div class=\"elementor-widget-container\">\n\t\t\t\t\t<div class=\"elementor-button-wrapper\">\n\t\t\t<a href=\"https:\/\/carolor.org\/index.php\/2026\/03\/17\/le-grand-deal-davril-comment-gagner-vos-100-carolors\/\" target=\"_blank\" class=\"elementor-button-link elementor-button elementor-size-md\" role=\"button\">\n\t\t\t\t\t\t<span class=\"elementor-button-content-wrapper\">\n\t\t\t\t\t\t\t<span class=\"elementor-button-icon elementor-align-icon-left\">\n\t\t\t\t<i aria-hidden=\"true\" class=\"far fa-hand-point-right\"><\/i>\t\t\t<\/span>\n\t\t\t\t\t\t<span class=\"elementor-button-text\">avril : pour gagner 100 CR<\/span>\n\t\t<\/span>\n\t\t\t\t\t<\/a>\n\t\t<\/div>\n\t\t\t\t<\/div>\n\t\t\t\t<\/div>\n\t\t\t\t<div class=\"elementor-element elementor-element-9ae4ce4 elementor-button-warning elementor-align-center elementor-widget elementor-widget-button\" data-id=\"9ae4ce4\" data-element_type=\"widget\" data-widget_type=\"button.default\">\n\t\t\t\t<div class=\"elementor-widget-container\">\n\t\t\t\t\t<div class=\"elementor-button-wrapper\">\n\t\t\t<a href=\"https:\/\/carolor.org\/index.php\/vous-etes-commercant\/\" class=\"elementor-button-link elementor-button elementor-size-md\" role=\"button\">\n\t\t\t\t\t\t<span class=\"elementor-button-content-wrapper\">\n\t\t\t\t\t\t<span class=\"elementor-button-text\">D\u00e9penser mes Carol'Or<\/span>\n\t\t<\/span>\n\t\t\t\t\t<\/a>\n\t\t<\/div>\n\t\t\t\t<\/div>\n\t\t\t\t<\/div>\n\t\t\t\t<div class=\"elementor-element elementor-element-692afa3 elementor-widget elementor-widget-image\" data-id=\"692afa3\" data-element_type=\"widget\" data-widget_type=\"image.default\">\n\t\t\t\t<div class=\"elementor-widget-container\">\n\t\t\t\t\t\t\t\t<div class=\"elementor-image\">\n\t\t\t\t\t\t\t\t\t\t\t\t<img width=\"300\" height=\"300\" src=\"https:\/\/carolor.org\/wp-content\/uploads\/2022\/03\/117081885_959311174481552_600459920623038659_n-300x300.jpg\" class=\"attachment-medium size-medium wp-image-4169\" alt=\"\" loading=\"lazy\" srcset=\"https:\/\/carolor.org\/wp-content\/uploads\/2022\/03\/117081885_959311174481552_600459920623038659_n-300x300.jpg 300w, https:\/\/carolor.org\/wp-content\/uploads\/2022\/03\/117081885_959311174481552_600459920623038659_n-150x150.jpg 150w, https:\/\/carolor.org\/wp-content\/uploads\/2022\/03\/117081885_959311174481552_600459920623038659_n-768x768.jpg 768w, https:\/\/carolor.org\/wp-content\/uploads\/2022\/03\/117081885_959311174481552_600459920623038659_n-100x100.jpg 100w, https:\/\/carolor.org\/wp-content\/uploads\/2022\/03\/117081885_959311174481552_600459920623038659_n.jpg 960w\" sizes=\"100vw\" \/>\t\t\t\t\t\t\t\t\t\t\t\t\t\t<\/div>\n\t\t\t\t\t\t<\/div>\n\t\t\t\t<\/div>\n\t\t\t\t\t\t<\/div>\n\t\t\t\t\t<\/div>\n\t\t<\/div>\n\t\t\t\t<div class=\"elementor-column elementor-col-33 elementor-top-column elementor-element elementor-element-e879bbd\" data-id=\"e879bbd\" data-element_type=\"column\">\n\t\t\t<div class=\"elementor-column-wrap elementor-element-populated\">\n\t\t\t\t\t\t\t<div class=\"elementor-widget-wrap\">\n\t\t\t\t\t\t<div class=\"elementor-element elementor-element-ecccbd1 elementor-widget elementor-widget-image\" data-id=\"ecccbd1\" data-element_type=\"widget\" data-widget_type=\"image.default\">\n\t\t\t\t<div class=\"elementor-widget-container\">\n\t\t\t\t\t\t\t\t<div class=\"elementor-image\">\n\t\t\t\t\t\t\t\t\t\t\t\t<img src=\"https:\/\/carolor.org\/wp-content\/uploads\/elementor\/thumbs\/CR_Vitrine_Comptoir_change_PMS-ovl45ndm55l6bclrypx16gvk1sanzn7rwevl6cka8a.png\" title=\"CR_Vitrine_Comptoir_change_PMS\" alt=\"CR_Vitrine_Comptoir_change_PMS\" loading=\"lazy\" \/>\t\t\t\t\t\t\t\t\t\t\t\t\t\t<\/div>\n\t\t\t\t\t\t<\/div>\n\t\t\t\t<\/div>\n\t\t\t\t\t\t<\/div>\n\t\t\t\t\t<\/div>\n\t\t<\/div>\n\t\t\t\t\t\t\t\t<\/div>\n\t\t\t\t\t<\/div>\n\t\t<\/section>\n\t\t\t\t<section class=\"elementor-section elementor-top-section elementor-element elementor-element-dd2e711 elementor-section-boxed elementor-section-height-default elementor-section-height-default\" data-id=\"dd2e711\" data-element_type=\"section\">\n\t\t\t\t\t\t<div class=\"elementor-container elementor-column-gap-default\">\n\t\t\t\t\t\t\t<div class=\"elementor-row\">\n\t\t\t\t\t<div class=\"elementor-column elementor-col-100 elementor-top-column elementor-element elementor-element-78090f1\" data-id=\"78090f1\" data-element_type=\"column\">\n\t\t\t<div class=\"elementor-column-wrap elementor-element-populated\">\n\t\t\t\t\t\t\t<div class=\"elementor-widget-wrap\">\n\t\t\t\t\t\t<div class=\"elementor-element elementor-element-8be5187 elementor-button-warning elementor-align-center elementor-widget elementor-widget-button\" data-id=\"8be5187\" data-element_type=\"widget\" data-widget_type=\"button.default\">\n\t\t\t\t<div class=\"elementor-widget-container\">\n\t\t\t\t\t<div class=\"elementor-button-wrapper\">\n\t\t\t<a href=\"https:\/\/carolor.org\/index.php\/liste-comptoirs-de-change\/\" class=\"elementor-button-link elementor-button elementor-size-md\" role=\"button\">\n\t\t\t\t\t\t<span class=\"elementor-button-content-wrapper\">\n\t\t\t\t\t\t<span class=\"elementor-button-text\">Changer mes \u20acuros en Carol'Or<\/span>\n\t\t<\/span>\n\t\t\t\t\t<\/a>\n\t\t<\/div>\n\t\t\t\t<\/div>\n\t\t\t\t<\/div>\n\t\t\t\t<div class=\"elementor-element elementor-element-a0bc3ea elementor-widget elementor-widget-spacer\" data-id=\"a0bc3ea\" data-element_type=\"widget\" data-widget_type=\"spacer.default\">\n\t\t\t\t<div class=\"elementor-widget-container\">\n\t\t\t\t\t<div class=\"elementor-spacer\">\n\t\t\t<div class=\"elementor-spacer-inner\"><\/div>\n\t\t<\/div>\n\t\t\t\t<\/div>\n\t\t\t\t<\/div>\n\t\t\t\t\t\t<\/div>\n\t\t\t\t\t<\/div>\n\t\t<\/div>\n\t\t\t\t\t\t\t\t<\/div>\n\t\t\t\t\t<\/div>\n\t\t<\/section>\n\t\t\t\t<section class=\"elementor-section elementor-top-section elementor-element elementor-element-aaeb069 elementor-section-boxed elementor-section-height-default elementor-section-height-default\" data-id=\"aaeb069\" data-element_type=\"section\">\n\t\t\t\t\t\t<div class=\"elementor-container elementor-column-gap-default\">\n\t\t\t\t\t\t\t<div class=\"elementor-row\">\n\t\t\t\t\t<div class=\"elementor-column elementor-col-33 elementor-top-column elementor-element elementor-element-54bebcb\" data-id=\"54bebcb\" data-element_type=\"column\">\n\t\t\t<div class=\"elementor-column-wrap elementor-element-populated\">\n\t\t\t\t\t\t\t<div class=\"elementor-widget-wrap\">\n\t\t\t\t\t\t<div class=\"elementor-element elementor-element-e297702 elementor-widget elementor-widget-image\" data-id=\"e297702\" data-element_type=\"widget\" data-widget_type=\"image.default\">\n\t\t\t\t<div class=\"elementor-widget-container\">\n\t\t\t\t\t\t\t\t<div class=\"elementor-image\">\n\t\t\t\t\t\t\t\t\t\t\t\t\t<a href=\"https:\/\/carolor.org\/index.php\/nous-aider\/\" target=\"_blank\">\n\t\t\t\t\t\t\t<img width=\"512\" height=\"512\" src=\"https:\/\/carolor.org\/wp-content\/uploads\/2025\/07\/don.jpg\" class=\"attachment-large size-large wp-image-6311\" alt=\"faire un don\" loading=\"lazy\" srcset=\"https:\/\/carolor.org\/wp-content\/uploads\/2025\/07\/don.jpg 512w, https:\/\/carolor.org\/wp-content\/uploads\/2025\/07\/don-300x300.jpg 300w, https:\/\/carolor.org\/wp-content\/uploads\/2025\/07\/don-150x150.jpg 150w, https:\/\/carolor.org\/wp-content\/uploads\/2025\/07\/don-100x100.jpg 100w\" sizes=\"100vw\" \/>\t\t\t\t\t\t\t\t<\/a>\n\t\t\t\t\t\t\t\t\t\t\t\t\t\t<\/div>\n\t\t\t\t\t\t<\/div>\n\t\t\t\t<\/div>\n\t\t\t\t\t\t<\/div>\n\t\t\t\t\t<\/div>\n\t\t<\/div>\n\t\t\t\t<div class=\"elementor-column elementor-col-66 elementor-top-column elementor-element elementor-element-3f39f55\" data-id=\"3f39f55\" data-element_type=\"column\">\n\t\t\t<div class=\"elementor-column-wrap elementor-element-populated\">\n\t\t\t\t\t\t\t<div class=\"elementor-widget-wrap\">\n\t\t\t\t\t\t<div class=\"elementor-element elementor-element-e94fe69 elementor-widget elementor-widget-text-editor\" data-id=\"e94fe69\" data-element_type=\"widget\" data-widget_type=\"text-editor.default\">\n\t\t\t\t<div class=\"elementor-widget-container\">\n\t\t\t\t\t\t\t\t<div class=\"elementor-text-editor elementor-clearfix\">\n\t\t\t\t<div class=\"elementor-element elementor-element-c1aeba5 elementor-widget elementor-widget-text-editor\" data-id=\"c1aeba5\" data-element_type=\"widget\" data-widget_type=\"text-editor.default\"><div class=\"elementor-widget-container\"><div class=\"elementor-text-editor elementor-clearfix\"><p style=\"text-align: center;\"><strong>Votre soutien est essentiel pour nous aider \u00e0 d\u00e9velopper l\u2019\u00e9conomie locale et \u00e0 promouvoir une finance solidaire \u00e0 Charleroi et en Haute Sambre. <span style=\"font-size: 1rem;\">Que vous puissiez donner de votre temps ou apporter un soutien financier, chaque geste compte.<\/span><\/strong><\/p><p style=\"text-align: center;\"><span style=\"color: #ff0000;\"><strong><a style=\"color: #ff0000;\" href=\"https:\/\/carolor.org\/index.php\/nous-aider\/\">en savoir plus<\/a><\/strong><\/span><\/p><\/div><\/div><\/div>\t\t\t\t\t<\/div>\n\t\t\t\t\t\t<\/div>\n\t\t\t\t<\/div>\n\t\t\t\t\t\t<\/div>\n\t\t\t\t\t<\/div>\n\t\t<\/div>\n\t\t\t\t\t\t\t\t<\/div>\n\t\t\t\t\t<\/div>\n\t\t<\/section>\n\t\t\t\t<section class=\"elementor-section elementor-top-section elementor-element elementor-element-85f76a8 elementor-section-boxed elementor-section-height-default elementor-section-height-default\" data-id=\"85f76a8\" data-element_type=\"section\">\n\t\t\t\t\t\t<div class=\"elementor-container elementor-column-gap-default\">\n\t\t\t\t\t\t\t<div class=\"elementor-row\">\n\t\t\t\t\t<div class=\"elementor-column elementor-col-100 elementor-top-column elementor-element elementor-element-30fdeea\" data-id=\"30fdeea\" data-element_type=\"column\">\n\t\t\t<div class=\"elementor-column-wrap elementor-element-populated\">\n\t\t\t\t\t\t\t<div class=\"elementor-widget-wrap\">\n\t\t\t\t\t\t<div class=\"elementor-element elementor-element-8e49be5 elementor-widget elementor-widget-spacer\" data-id=\"8e49be5\" data-element_type=\"widget\" data-widget_type=\"spacer.default\">\n\t\t\t\t<div class=\"elementor-widget-container\">\n\t\t\t\t\t<div class=\"elementor-spacer\">\n\t\t\t<div class=\"elementor-spacer-inner\"><\/div>\n\t\t<\/div>\n\t\t\t\t<\/div>\n\t\t\t\t<\/div>\n\t\t\t\t<div class=\"elementor-element elementor-element-61bb9ec elementor-widget elementor-widget-heading\" data-id=\"61bb9ec\" data-element_type=\"widget\" data-widget_type=\"heading.default\">\n\t\t\t\t<div class=\"elementor-widget-container\">\n\t\t\t<h2 class=\"elementor-heading-title elementor-size-default\"><a href=\"https:\/\/monchequecadeaulocal.financite.be\/carolor\/\">offrir des ch\u00e8ques cadeaux en CR<\/a><\/h2>\t\t<\/div>\n\t\t\t\t<\/div>\n\t\t\t\t\t\t<\/div>\n\t\t\t\t\t<\/div>\n\t\t<\/div>\n\t\t\t\t\t\t\t\t<\/div>\n\t\t\t\t\t<\/div>\n\t\t<\/section>\n\t\t\t\t<section class=\"elementor-section elementor-top-section elementor-element elementor-element-3e6c1a8 elementor-section-boxed elementor-section-height-default elementor-section-height-default\" data-id=\"3e6c1a8\" data-element_type=\"section\">\n\t\t\t\t\t\t<div class=\"elementor-container elementor-column-gap-default\">\n\t\t\t\t\t\t\t<div class=\"elementor-row\">\n\t\t\t\t\t<div class=\"elementor-column elementor-col-100 elementor-top-column elementor-element elementor-element-04e8af3\" data-id=\"04e8af3\" data-element_type=\"column\">\n\t\t\t<div class=\"elementor-column-wrap elementor-element-populated\">\n\t\t\t\t\t\t\t<div class=\"elementor-widget-wrap\">\n\t\t\t\t\t\t<div class=\"elementor-element elementor-element-a3668fc elementor-widget elementor-widget-image\" data-id=\"a3668fc\" data-element_type=\"widget\" data-widget_type=\"image.default\">\n\t\t\t\t<div class=\"elementor-widget-container\">\n\t\t\t\t\t\t\t\t<div class=\"elementor-image\">\n\t\t\t\t\t\t\t\t\t\t\t\t\t<a href=\"https:\/\/monchequecadeaulocal.financite.be\/carolor\/\">\n\t\t\t\t\t\t\t<img width=\"500\" height=\"293\" src=\"https:\/\/carolor.org\/wp-content\/uploads\/2023\/04\/siteCRcarolor500.jpg\" class=\"attachment-large size-large wp-image-5583\" alt=\"\" loading=\"lazy\" srcset=\"https:\/\/carolor.org\/wp-content\/uploads\/2023\/04\/siteCRcarolor500.jpg 500w, https:\/\/carolor.org\/wp-content\/uploads\/2023\/04\/siteCRcarolor500-300x176.jpg 300w\" sizes=\"100vw\" \/>\t\t\t\t\t\t\t\t<\/a>\n\t\t\t\t\t\t\t\t\t\t\t\t\t\t<\/div>\n\t\t\t\t\t\t<\/div>\n\t\t\t\t<\/div>\n\t\t\t\t\t\t<\/div>\n\t\t\t\t\t<\/div>\n\t\t<\/div>\n\t\t\t\t\t\t\t\t<\/div>\n\t\t\t\t\t<\/div>\n\t\t<\/section>\n\t\t\t\t\t\t\t\t\t<\/div>\n\t\t\t<\/div>\n\t\t\t\t\t<\/div>\n\t\t","protected":false},"excerpt":{"rendered":"<p>avril : pour gagner 100 CR D\u00e9penser mes Carol&#8217;Or Changer mes \u20acuros en Carol&#8217;Or Votre soutien est essentiel pour nous aider \u00e0 d\u00e9velopper l\u2019\u00e9conomie locale et \u00e0 promouvoir une finance &hellip; <\/p>\n<p class=\"link-more\"><a href=\"https:\/\/carolor.org\/\" class=\"more-link\">Continuer la lecture<span class=\"screen-reader-text\"> de &laquo;&nbsp;Accueil&nbsp;&raquo;<\/span><\/a><\/p>\n","protected":false},"author":2,"featured_media":0,"parent":0,"menu_order":0,"comment_status":"closed","ping_status":"closed","template":"","meta":[],"yoast_head":"<!-- This site is optimized with the Yoast SEO plugin v18.4.1 - https:\/\/yoast.com\/wordpress\/plugins\/seo\/ -->\n<title>Accueil -<\/title>\n<meta name=\"description\" content=\"Bienvenue sur le site du Carol&#039;or, La monnaie citoyenne du pays de Charleroi et de la Haute Sambre pour d\u00e9couvrir notre r\u00e9seau\" \/>\n<meta name=\"robots\" content=\"index, follow, max-snippet:-1, max-image-preview:large, max-video-preview:-1\" \/>\n<link rel=\"canonical\" href=\"https:\/\/carolor.org\/\" \/>\n<meta property=\"og:locale\" content=\"fr_FR\" \/>\n<meta property=\"og:type\" content=\"article\" \/>\n<meta property=\"og:title\" content=\"Accueil -\" \/>\n<meta property=\"og:description\" content=\"Bienvenue sur le site du Carol&#039;or, La monnaie citoyenne du pays de Charleroi et de la Haute Sambre pour d\u00e9couvrir notre r\u00e9seau\" \/>\n<meta property=\"og:url\" content=\"https:\/\/carolor.org\/\" \/>\n<meta property=\"article:publisher\" content=\"http:\/\/www.facebook.com\/LeCarolOr\/\" \/>\n<meta property=\"article:modified_time\" content=\"2026-03-27T08:30:30+00:00\" \/>\n<meta property=\"og:image\" content=\"https:\/\/carolor.org\/wp-content\/uploads\/elementor\/thumbs\/smratphone_02-pluh3ne6yiuwy7kx8lxh5jrql4g3yrplo37bgn2fzk.png\" \/>\n<meta name=\"twitter:card\" content=\"summary_large_image\" \/>\n<meta name=\"twitter:site\" content=\"@carol_or\" \/>\n<meta name=\"twitter:label1\" content=\"Dur\u00e9e de lecture estim\u00e9e\" \/>\n\t<meta name=\"twitter:data1\" content=\"2 minutes\" \/>\n<script type=\"application\/ld+json\" class=\"yoast-schema-graph\">{\"@context\":\"https:\/\/schema.org\",\"@graph\":[{\"@type\":\"Organization\",\"@id\":\"https:\/\/carolor.org\/#organization\",\"name\":\"Carol'Or\",\"url\":\"https:\/\/carolor.org\/\",\"sameAs\":[\"http:\/\/www.facebook.com\/LeCarolOr\/\",\"https:\/\/twitter.com\/carol_or\"],\"logo\":{\"@type\":\"ImageObject\",\"@id\":\"https:\/\/carolor.org\/#logo\",\"inLanguage\":\"fr-FR\",\"url\":\"https:\/\/carolor.org\/wp-content\/uploads\/2018\/10\/CarolOr_Logo_Noir-e1540477867364.png\",\"contentUrl\":\"https:\/\/carolor.org\/wp-content\/uploads\/2018\/10\/CarolOr_Logo_Noir-e1540477867364.png\",\"width\":600,\"height\":494,\"caption\":\"Carol'Or\"},\"image\":{\"@id\":\"https:\/\/carolor.org\/#logo\"}},{\"@type\":\"WebSite\",\"@id\":\"https:\/\/carolor.org\/#website\",\"url\":\"https:\/\/carolor.org\/\",\"name\":\"Carol'Or\",\"description\":\"La monnaie citoyenne du pays de Charleroi et de la Haute Sambre\",\"publisher\":{\"@id\":\"https:\/\/carolor.org\/#organization\"},\"potentialAction\":[{\"@type\":\"SearchAction\",\"target\":{\"@type\":\"EntryPoint\",\"urlTemplate\":\"https:\/\/carolor.org\/?s={search_term_string}\"},\"query-input\":\"required name=search_term_string\"}],\"inLanguage\":\"fr-FR\"},{\"@type\":\"ImageObject\",\"@id\":\"https:\/\/carolor.org\/#primaryimage\",\"inLanguage\":\"fr-FR\",\"url\":\"https:\/\/carolor.org\/wp-content\/uploads\/elementor\/thumbs\/smratphone_02-pluh3ne6yiuwy7kx8lxh5jrql4g3yrplo37bgn2fzk.png\",\"contentUrl\":\"https:\/\/carolor.org\/wp-content\/uploads\/elementor\/thumbs\/smratphone_02-pluh3ne6yiuwy7kx8lxh5jrql4g3yrplo37bgn2fzk.png\"},{\"@type\":\"WebPage\",\"@id\":\"https:\/\/carolor.org\/#webpage\",\"url\":\"https:\/\/carolor.org\/\",\"name\":\"Accueil -\",\"isPartOf\":{\"@id\":\"https:\/\/carolor.org\/#website\"},\"primaryImageOfPage\":{\"@id\":\"https:\/\/carolor.org\/#primaryimage\"},\"datePublished\":\"2018-07-25T16:58:58+00:00\",\"dateModified\":\"2026-03-27T08:30:30+00:00\",\"description\":\"Bienvenue sur le site du Carol'or, La monnaie citoyenne du pays de Charleroi et de la Haute Sambre pour d\u00e9couvrir notre r\u00e9seau\",\"breadcrumb\":{\"@id\":\"https:\/\/carolor.org\/#breadcrumb\"},\"inLanguage\":\"fr-FR\",\"potentialAction\":[{\"@type\":\"ReadAction\",\"target\":[\"https:\/\/carolor.org\/\"]}]},{\"@type\":\"BreadcrumbList\",\"@id\":\"https:\/\/carolor.org\/#breadcrumb\",\"itemListElement\":[{\"@type\":\"ListItem\",\"position\":1,\"name\":\"Accueil\",\"item\":\"https:\/\/carolor.org\/\"},{\"@type\":\"ListItem\",\"position\":2,\"name\":\"Accueil\"}]}]}<\/script>\n<!-- \/ Yoast SEO plugin. -->","yoast_head_json":{"title":"Accueil -","description":"Bienvenue sur le site du Carol'or, La monnaie citoyenne du pays de Charleroi et de la Haute Sambre pour d\u00e9couvrir notre r\u00e9seau","robots":{"index":"index","follow":"follow","max-snippet":"max-snippet:-1","max-image-preview":"max-image-preview:large","max-video-preview":"max-video-preview:-1"},"canonical":"https:\/\/carolor.org\/","og_locale":"fr_FR","og_type":"article","og_title":"Accueil -","og_description":"Bienvenue sur le site du Carol'or, La monnaie citoyenne du pays de Charleroi et de la Haute Sambre pour d\u00e9couvrir notre r\u00e9seau","og_url":"https:\/\/carolor.org\/","article_publisher":"http:\/\/www.facebook.com\/LeCarolOr\/","article_modified_time":"2026-03-27T08:30:30+00:00","og_image":[{"url":"https:\/\/carolor.org\/wp-content\/uploads\/elementor\/thumbs\/smratphone_02-pluh3ne6yiuwy7kx8lxh5jrql4g3yrplo37bgn2fzk.png"}],"twitter_card":"summary_large_image","twitter_site":"@carol_or","twitter_misc":{"Dur\u00e9e de lecture estim\u00e9e":"2 minutes"},"schema":{"@context":"https:\/\/schema.org","@graph":[{"@type":"Organization","@id":"https:\/\/carolor.org\/#organization","name":"Carol'Or","url":"https:\/\/carolor.org\/","sameAs":["http:\/\/www.facebook.com\/LeCarolOr\/","https:\/\/twitter.com\/carol_or"],"logo":{"@type":"ImageObject","@id":"https:\/\/carolor.org\/#logo","inLanguage":"fr-FR","url":"https:\/\/carolor.org\/wp-content\/uploads\/2018\/10\/CarolOr_Logo_Noir-e1540477867364.png","contentUrl":"https:\/\/carolor.org\/wp-content\/uploads\/2018\/10\/CarolOr_Logo_Noir-e1540477867364.png","width":600,"height":494,"caption":"Carol'Or"},"image":{"@id":"https:\/\/carolor.org\/#logo"}},{"@type":"WebSite","@id":"https:\/\/carolor.org\/#website","url":"https:\/\/carolor.org\/","name":"Carol'Or","description":"La monnaie citoyenne du pays de Charleroi et de la Haute Sambre","publisher":{"@id":"https:\/\/carolor.org\/#organization"},"potentialAction":[{"@type":"SearchAction","target":{"@type":"EntryPoint","urlTemplate":"https:\/\/carolor.org\/?s={search_term_string}"},"query-input":"required name=search_term_string"}],"inLanguage":"fr-FR"},{"@type":"ImageObject","@id":"https:\/\/carolor.org\/#primaryimage","inLanguage":"fr-FR","url":"https:\/\/carolor.org\/wp-content\/uploads\/elementor\/thumbs\/smratphone_02-pluh3ne6yiuwy7kx8lxh5jrql4g3yrplo37bgn2fzk.png","contentUrl":"https:\/\/carolor.org\/wp-content\/uploads\/elementor\/thumbs\/smratphone_02-pluh3ne6yiuwy7kx8lxh5jrql4g3yrplo37bgn2fzk.png"},{"@type":"WebPage","@id":"https:\/\/carolor.org\/#webpage","url":"https:\/\/carolor.org\/","name":"Accueil -","isPartOf":{"@id":"https:\/\/carolor.org\/#website"},"primaryImageOfPage":{"@id":"https:\/\/carolor.org\/#primaryimage"},"datePublished":"2018-07-25T16:58:58+00:00","dateModified":"2026-03-27T08:30:30+00:00","description":"Bienvenue sur le site du Carol'or, La monnaie citoyenne du pays de Charleroi et de la Haute Sambre pour d\u00e9couvrir notre r\u00e9seau","breadcrumb":{"@id":"https:\/\/carolor.org\/#breadcrumb"},"inLanguage":"fr-FR","potentialAction":[{"@type":"ReadAction","target":["https:\/\/carolor.org\/"]}]},{"@type":"BreadcrumbList","@id":"https:\/\/carolor.org\/#breadcrumb","itemListElement":[{"@type":"ListItem","position":1,"name":"Accueil","item":"https:\/\/carolor.org\/"},{"@type":"ListItem","position":2,"name":"Accueil"}]}]}},"_links":{"self":[{"href":"https:\/\/carolor.org\/index.php\/wp-json\/wp\/v2\/pages\/61"}],"collection":[{"href":"https:\/\/carolor.org\/index.php\/wp-json\/wp\/v2\/pages"}],"about":[{"href":"https:\/\/carolor.org\/index.php\/wp-json\/wp\/v2\/types\/page"}],"author":[{"embeddable":true,"href":"https:\/\/carolor.org\/index.php\/wp-json\/wp\/v2\/users\/2"}],"replies":[{"embeddable":true,"href":"https:\/\/carolor.org\/index.php\/wp-json\/wp\/v2\/comments?post=61"}],"version-history":[{"count":448,"href":"https:\/\/carolor.org\/index.php\/wp-json\/wp\/v2\/pages\/61\/revisions"}],"predecessor-version":[{"id":6470,"href":"https:\/\/carolor.org\/index.php\/wp-json\/wp\/v2\/pages\/61\/revisions\/6470"}],"wp:attachment":[{"href":"https:\/\/carolor.org\/index.php\/wp-json\/wp\/v2\/media?parent=61"}],"curies":[{"name":"wp","href":"https:\/\/api.w.org\/{rel}","templated":true}]}}