{"id":3282,"date":"2021-03-10T16:02:04","date_gmt":"2021-03-10T15:02:04","guid":{"rendered":"https:\/\/carolor.org\/?page_id=3282"},"modified":"2022-11-17T11:22:16","modified_gmt":"2022-11-17T10:22:16","slug":"espace-partenaires","status":"publish","type":"page","link":"https:\/\/carolor.org\/index.php\/espace-partenaires\/","title":{"rendered":"Espace PRO Partenaires"},"content":{"rendered":"\t\t<div data-elementor-type=\"wp-page\" data-elementor-id=\"3282\" class=\"elementor elementor-3282\">\n\t\t\t\t\t\t<div class=\"elementor-inner\">\n\t\t\t\t<div class=\"elementor-section-wrap\">\n\t\t\t\t\t\t\t\t\t<section class=\"elementor-section elementor-top-section elementor-element elementor-element-75b4c4c elementor-section-boxed elementor-section-height-default elementor-section-height-default\" data-id=\"75b4c4c\" data-element_type=\"section\">\n\t\t\t\t\t\t<div class=\"elementor-container elementor-column-gap-default\">\n\t\t\t\t\t\t\t<div class=\"elementor-row\">\n\t\t\t\t\t<div class=\"elementor-column elementor-col-50 elementor-top-column elementor-element elementor-element-ae9c648\" data-id=\"ae9c648\" data-element_type=\"column\">\n\t\t\t<div class=\"elementor-column-wrap elementor-element-populated\">\n\t\t\t\t\t\t\t<div class=\"elementor-widget-wrap\">\n\t\t\t\t\t\t<div class=\"elementor-element elementor-element-b9ac593 elementor-align-center elementor-widget elementor-widget-button\" data-id=\"b9ac593\" data-element_type=\"widget\" data-widget_type=\"button.default\">\n\t\t\t\t<div class=\"elementor-widget-container\">\n\t\t\t\t\t<div class=\"elementor-button-wrapper\">\n\t\t\t<a href=\"https:\/\/carolor.org\/index.php\/je-suis-deja-partenaire\/\" class=\"elementor-button-link elementor-button elementor-size-lg\" role=\"button\">\n\t\t\t\t\t\t<span class=\"elementor-button-content-wrapper\">\n\t\t\t\t\t\t<span class=\"elementor-button-text\">Je suis d\u00e9j\u00e0 partenaire<\/span>\n\t\t<\/span>\n\t\t\t\t\t<\/a>\n\t\t<\/div>\n\t\t\t\t<\/div>\n\t\t\t\t<\/div>\n\t\t\t\t\t\t<\/div>\n\t\t\t\t\t<\/div>\n\t\t<\/div>\n\t\t\t\t<div class=\"elementor-column elementor-col-50 elementor-top-column elementor-element elementor-element-2605fdf\" data-id=\"2605fdf\" data-element_type=\"column\">\n\t\t\t<div class=\"elementor-column-wrap elementor-element-populated\">\n\t\t\t\t\t\t\t<div class=\"elementor-widget-wrap\">\n\t\t\t\t\t\t<div class=\"elementor-element elementor-element-3594ae9 elementor-widget elementor-widget-button\" data-id=\"3594ae9\" data-element_type=\"widget\" data-widget_type=\"button.default\">\n\t\t\t\t<div class=\"elementor-widget-container\">\n\t\t\t\t\t<div class=\"elementor-button-wrapper\">\n\t\t\t<a href=\"https:\/\/carolor.org\/index.php\/je-desire-devenir-partenaire\/\" class=\"elementor-button-link elementor-button elementor-size-lg\" role=\"button\">\n\t\t\t\t\t\t<span class=\"elementor-button-content-wrapper\">\n\t\t\t\t\t\t<span class=\"elementor-button-text\">Devenir partenaire<\/span>\n\t\t<\/span>\n\t\t\t\t\t<\/a>\n\t\t<\/div>\n\t\t\t\t<\/div>\n\t\t\t\t<\/div>\n\t\t\t\t\t\t<\/div>\n\t\t\t\t\t<\/div>\n\t\t<\/div>\n\t\t\t\t\t\t\t\t<\/div>\n\t\t\t\t\t<\/div>\n\t\t<\/section>\n\t\t\t\t<section class=\"elementor-section elementor-top-section elementor-element elementor-element-b3e026e elementor-section-boxed elementor-section-height-default elementor-section-height-default\" data-id=\"b3e026e\" data-element_type=\"section\">\n\t\t\t\t\t\t<div class=\"elementor-container elementor-column-gap-default\">\n\t\t\t\t\t\t\t<div class=\"elementor-row\">\n\t\t\t\t\t<div class=\"elementor-column elementor-col-100 elementor-top-column elementor-element elementor-element-8ad6205\" data-id=\"8ad6205\" data-element_type=\"column\">\n\t\t\t<div class=\"elementor-column-wrap elementor-element-populated\">\n\t\t\t\t\t\t\t<div class=\"elementor-widget-wrap\">\n\t\t\t\t\t\t<div class=\"elementor-element elementor-element-53d7292 elementor-widget-divider--separator-type-pattern elementor-widget-divider--no-spacing elementor-widget-divider--view-line elementor-widget elementor-widget-divider\" data-id=\"53d7292\" data-element_type=\"widget\" data-widget_type=\"divider.default\">\n\t\t\t\t<div class=\"elementor-widget-container\">\n\t\t\t\t\t<div class=\"elementor-divider\" style=\"--divider-pattern-url: url(&quot;data:image\/svg+xml,%3Csvg xmlns=&#039;http:\/\/www.w3.org\/2000\/svg&#039; preserveAspectRatio=&#039;xMidYMid meet&#039; overflow=&#039;visible&#039; height=&#039;100%&#039; viewBox=&#039;0 0 120 26&#039; fill=&#039;black&#039; stroke=&#039;none&#039;%3E%3Cpath d=&#039;M11.9,15.9L11.9,15.9L0,16c-0.2-3.7,1.5-5.7,4.9-6C10,9.6,12.4,14.2,11.9,15.9zM26.9,15.9L26.9,15.9L15,16c0.5-3.7,2.5-5.7,5.9-6C26,9.6,27.4,14.2,26.9,15.9z M37.1,10c3.4,0.3,5.1,2.3,4.9,6H30.1C29.5,14.4,31.9,9.6,37.1,10z M57,15.9L57,15.9L45,16c0-3.4,1.6-5.4,4.9-5.9C54.8,9.3,57.4,14.2,57,15.9z M71.9,15.9L71.9,15.9L60,16c-0.2-3.7,1.5-5.7,4.9-6C70,9.6,72.4,14.2,71.9,15.9z M82.2,10c3.4,0.3,5,2.3,4.8,6H75.3C74,13,77.1,9.6,82.2,10zM101.9,15.9L101.9,15.9L90,16c-0.2-3.7,1.5-5.7,4.9-6C100,9.6,102.4,14.2,101.9,15.9z M112.1,10.1c2.7,0.5,4.3,2.5,4.9,5.9h-11.9l0,0C104.5,14.4,108,9.3,112.1,10.1z&#039;\/%3E%3C\/svg%3E&quot;);\">\n\t\t\t<span class=\"elementor-divider-separator\">\n\t\t\t\t\t\t<\/span>\n\t\t<\/div>\n\t\t\t\t<\/div>\n\t\t\t\t<\/div>\n\t\t\t\t<div class=\"elementor-element elementor-element-1a9fe63 elementor-align-center elementor-widget elementor-widget-button\" data-id=\"1a9fe63\" data-element_type=\"widget\" data-widget_type=\"button.default\">\n\t\t\t\t<div class=\"elementor-widget-container\">\n\t\t\t\t\t<div class=\"elementor-button-wrapper\">\n\t\t\t<a href=\"https:\/\/mamonnaiecitoyenne.be\/lecarolor\/#login\" class=\"elementor-button-link elementor-button elementor-size-md\" role=\"button\">\n\t\t\t\t\t\t<span class=\"elementor-button-content-wrapper\">\n\t\t\t\t\t\t\t<span class=\"elementor-button-icon elementor-align-icon-left\">\n\t\t\t\t<i aria-hidden=\"true\" class=\"far fa-credit-card\"><\/i>\t\t\t<\/span>\n\t\t\t\t\t\t<span class=\"elementor-button-text\">mon compte CarolOr  (acc\u00e8s, paiement, infos...)<\/span>\n\t\t<\/span>\n\t\t\t\t\t<\/a>\n\t\t<\/div>\n\t\t\t\t<\/div>\n\t\t\t\t<\/div>\n\t\t\t\t<div class=\"elementor-element elementor-element-99781fa elementor-align-center elementor-widget elementor-widget-button\" data-id=\"99781fa\" data-element_type=\"widget\" data-widget_type=\"button.default\">\n\t\t\t\t<div class=\"elementor-widget-container\">\n\t\t\t\t\t<div class=\"elementor-button-wrapper\">\n\t\t\t<a href=\"https:\/\/carolor.org\/index.php\/2022\/11\/17\/mode-demploi-du-paiement-electronique-de-la-cotisation-2023\/\" class=\"elementor-button-link elementor-button elementor-size-sm\" role=\"button\">\n\t\t\t\t\t\t<span class=\"elementor-button-content-wrapper\">\n\t\t\t\t\t\t<span class=\"elementor-button-text\">voir le mode d'emploi  pour payer sa cotisation <\/span>\n\t\t<\/span>\n\t\t\t\t\t<\/a>\n\t\t<\/div>\n\t\t\t\t<\/div>\n\t\t\t\t<\/div>\n\t\t\t\t\t\t<\/div>\n\t\t\t\t\t<\/div>\n\t\t<\/div>\n\t\t\t\t\t\t\t\t<\/div>\n\t\t\t\t\t<\/div>\n\t\t<\/section>\n\t\t\t\t\t\t\t\t\t<\/div>\n\t\t\t<\/div>\n\t\t\t\t\t<\/div>\n\t\t","protected":false},"excerpt":{"rendered":"<p>Je suis d\u00e9j\u00e0 partenaire Devenir partenaire mon compte CarolOr (acc\u00e8s, paiement, infos&#8230;) voir le mode d&#8217;emploi pour payer sa cotisation<\/p>\n","protected":false},"author":28,"featured_media":0,"parent":0,"menu_order":0,"comment_status":"closed","ping_status":"closed","template":"","meta":[],"yoast_head":"<!-- This site is optimized with the Yoast SEO plugin v18.4.1 - https:\/\/yoast.com\/wordpress\/plugins\/seo\/ -->\n<title>Espace PRO Partenaires -<\/title>\n<meta name=\"description\" content=\"Bienvenue sur l&#039;espace PRO du Carol&#039;or, La monnaie citoyenne du pays de Charleroi et de la Haute Sambre pour d\u00e9couvrir notre r\u00e9seau\" \/>\n<meta name=\"robots\" content=\"index, follow, max-snippet:-1, max-image-preview:large, max-video-preview:-1\" \/>\n<link rel=\"canonical\" href=\"https:\/\/carolor.org\/index.php\/espace-partenaires\/\" \/>\n<meta property=\"og:locale\" content=\"fr_FR\" \/>\n<meta property=\"og:type\" content=\"article\" \/>\n<meta property=\"og:title\" content=\"Espace PRO Partenaires -\" \/>\n<meta property=\"og:description\" content=\"Bienvenue sur l&#039;espace PRO du Carol&#039;or, La monnaie citoyenne du pays de Charleroi et de la Haute Sambre pour d\u00e9couvrir notre r\u00e9seau\" \/>\n<meta property=\"og:url\" content=\"https:\/\/carolor.org\/index.php\/espace-partenaires\/\" \/>\n<meta property=\"article:publisher\" content=\"http:\/\/www.facebook.com\/LeCarolOr\/\" \/>\n<meta property=\"article:modified_time\" content=\"2022-11-17T10:22:16+00:00\" \/>\n<meta name=\"twitter:card\" content=\"summary_large_image\" \/>\n<meta name=\"twitter:site\" content=\"@carol_or\" \/>\n<meta name=\"twitter:label1\" content=\"Dur\u00e9e de lecture estim\u00e9e\" \/>\n\t<meta name=\"twitter:data1\" content=\"1 minute\" \/>\n<script type=\"application\/ld+json\" class=\"yoast-schema-graph\">{\"@context\":\"https:\/\/schema.org\",\"@graph\":[{\"@type\":\"Organization\",\"@id\":\"https:\/\/carolor.org\/#organization\",\"name\":\"Carol'Or\",\"url\":\"https:\/\/carolor.org\/\",\"sameAs\":[\"http:\/\/www.facebook.com\/LeCarolOr\/\",\"https:\/\/twitter.com\/carol_or\"],\"logo\":{\"@type\":\"ImageObject\",\"@id\":\"https:\/\/carolor.org\/#logo\",\"inLanguage\":\"fr-FR\",\"url\":\"https:\/\/carolor.org\/wp-content\/uploads\/2018\/10\/CarolOr_Logo_Noir-e1540477867364.png\",\"contentUrl\":\"https:\/\/carolor.org\/wp-content\/uploads\/2018\/10\/CarolOr_Logo_Noir-e1540477867364.png\",\"width\":600,\"height\":494,\"caption\":\"Carol'Or\"},\"image\":{\"@id\":\"https:\/\/carolor.org\/#logo\"}},{\"@type\":\"WebSite\",\"@id\":\"https:\/\/carolor.org\/#website\",\"url\":\"https:\/\/carolor.org\/\",\"name\":\"Carol'Or\",\"description\":\"La monnaie citoyenne du pays de Charleroi et de la Haute Sambre\",\"publisher\":{\"@id\":\"https:\/\/carolor.org\/#organization\"},\"potentialAction\":[{\"@type\":\"SearchAction\",\"target\":{\"@type\":\"EntryPoint\",\"urlTemplate\":\"https:\/\/carolor.org\/?s={search_term_string}\"},\"query-input\":\"required name=search_term_string\"}],\"inLanguage\":\"fr-FR\"},{\"@type\":\"WebPage\",\"@id\":\"https:\/\/carolor.org\/index.php\/espace-partenaires\/#webpage\",\"url\":\"https:\/\/carolor.org\/index.php\/espace-partenaires\/\",\"name\":\"Espace PRO Partenaires -\",\"isPartOf\":{\"@id\":\"https:\/\/carolor.org\/#website\"},\"datePublished\":\"2021-03-10T15:02:04+00:00\",\"dateModified\":\"2022-11-17T10:22:16+00:00\",\"description\":\"Bienvenue sur l'espace PRO du Carol'or, La monnaie citoyenne du pays de Charleroi et de la Haute Sambre pour d\u00e9couvrir notre r\u00e9seau\",\"breadcrumb\":{\"@id\":\"https:\/\/carolor.org\/index.php\/espace-partenaires\/#breadcrumb\"},\"inLanguage\":\"fr-FR\",\"potentialAction\":[{\"@type\":\"ReadAction\",\"target\":[\"https:\/\/carolor.org\/index.php\/espace-partenaires\/\"]}]},{\"@type\":\"BreadcrumbList\",\"@id\":\"https:\/\/carolor.org\/index.php\/espace-partenaires\/#breadcrumb\",\"itemListElement\":[{\"@type\":\"ListItem\",\"position\":1,\"name\":\"Accueil\",\"item\":\"https:\/\/carolor.org\/\"},{\"@type\":\"ListItem\",\"position\":2,\"name\":\"Espace PRO Partenaires\"}]}]}<\/script>\n<!-- \/ Yoast SEO plugin. -->","yoast_head_json":{"title":"Espace PRO Partenaires -","description":"Bienvenue sur l'espace PRO du Carol'or, La monnaie citoyenne du pays de Charleroi et de la Haute Sambre pour d\u00e9couvrir notre r\u00e9seau","robots":{"index":"index","follow":"follow","max-snippet":"max-snippet:-1","max-image-preview":"max-image-preview:large","max-video-preview":"max-video-preview:-1"},"canonical":"https:\/\/carolor.org\/index.php\/espace-partenaires\/","og_locale":"fr_FR","og_type":"article","og_title":"Espace PRO Partenaires -","og_description":"Bienvenue sur l'espace PRO du Carol'or, La monnaie citoyenne du pays de Charleroi et de la Haute Sambre pour d\u00e9couvrir notre r\u00e9seau","og_url":"https:\/\/carolor.org\/index.php\/espace-partenaires\/","article_publisher":"http:\/\/www.facebook.com\/LeCarolOr\/","article_modified_time":"2022-11-17T10:22:16+00:00","twitter_card":"summary_large_image","twitter_site":"@carol_or","twitter_misc":{"Dur\u00e9e de lecture estim\u00e9e":"1 minute"},"schema":{"@context":"https:\/\/schema.org","@graph":[{"@type":"Organization","@id":"https:\/\/carolor.org\/#organization","name":"Carol'Or","url":"https:\/\/carolor.org\/","sameAs":["http:\/\/www.facebook.com\/LeCarolOr\/","https:\/\/twitter.com\/carol_or"],"logo":{"@type":"ImageObject","@id":"https:\/\/carolor.org\/#logo","inLanguage":"fr-FR","url":"https:\/\/carolor.org\/wp-content\/uploads\/2018\/10\/CarolOr_Logo_Noir-e1540477867364.png","contentUrl":"https:\/\/carolor.org\/wp-content\/uploads\/2018\/10\/CarolOr_Logo_Noir-e1540477867364.png","width":600,"height":494,"caption":"Carol'Or"},"image":{"@id":"https:\/\/carolor.org\/#logo"}},{"@type":"WebSite","@id":"https:\/\/carolor.org\/#website","url":"https:\/\/carolor.org\/","name":"Carol'Or","description":"La monnaie citoyenne du pays de Charleroi et de la Haute Sambre","publisher":{"@id":"https:\/\/carolor.org\/#organization"},"potentialAction":[{"@type":"SearchAction","target":{"@type":"EntryPoint","urlTemplate":"https:\/\/carolor.org\/?s={search_term_string}"},"query-input":"required name=search_term_string"}],"inLanguage":"fr-FR"},{"@type":"WebPage","@id":"https:\/\/carolor.org\/index.php\/espace-partenaires\/#webpage","url":"https:\/\/carolor.org\/index.php\/espace-partenaires\/","name":"Espace PRO Partenaires -","isPartOf":{"@id":"https:\/\/carolor.org\/#website"},"datePublished":"2021-03-10T15:02:04+00:00","dateModified":"2022-11-17T10:22:16+00:00","description":"Bienvenue sur l'espace PRO du Carol'or, La monnaie citoyenne du pays de Charleroi et de la Haute Sambre pour d\u00e9couvrir notre r\u00e9seau","breadcrumb":{"@id":"https:\/\/carolor.org\/index.php\/espace-partenaires\/#breadcrumb"},"inLanguage":"fr-FR","potentialAction":[{"@type":"ReadAction","target":["https:\/\/carolor.org\/index.php\/espace-partenaires\/"]}]},{"@type":"BreadcrumbList","@id":"https:\/\/carolor.org\/index.php\/espace-partenaires\/#breadcrumb","itemListElement":[{"@type":"ListItem","position":1,"name":"Accueil","item":"https:\/\/carolor.org\/"},{"@type":"ListItem","position":2,"name":"Espace PRO Partenaires"}]}]}},"_links":{"self":[{"href":"https:\/\/carolor.org\/index.php\/wp-json\/wp\/v2\/pages\/3282"}],"collection":[{"href":"https:\/\/carolor.org\/index.php\/wp-json\/wp\/v2\/pages"}],"about":[{"href":"https:\/\/carolor.org\/index.php\/wp-json\/wp\/v2\/types\/page"}],"author":[{"embeddable":true,"href":"https:\/\/carolor.org\/index.php\/wp-json\/wp\/v2\/users\/28"}],"replies":[{"embeddable":true,"href":"https:\/\/carolor.org\/index.php\/wp-json\/wp\/v2\/comments?post=3282"}],"version-history":[{"count":52,"href":"https:\/\/carolor.org\/index.php\/wp-json\/wp\/v2\/pages\/3282\/revisions"}],"predecessor-version":[{"id":4952,"href":"https:\/\/carolor.org\/index.php\/wp-json\/wp\/v2\/pages\/3282\/revisions\/4952"}],"wp:attachment":[{"href":"https:\/\/carolor.org\/index.php\/wp-json\/wp\/v2\/media?parent=3282"}],"curies":[{"name":"wp","href":"https:\/\/api.w.org\/{rel}","templated":true}]}}