{"id":3236,"date":"2021-03-10T16:01:50","date_gmt":"2021-03-10T15:01:50","guid":{"rendered":"https:\/\/carolor.org\/?page_id=3236"},"modified":"2022-11-18T14:25:24","modified_gmt":"2022-11-18T13:25:24","slug":"je-suis-deja-partenaire","status":"publish","type":"page","link":"https:\/\/carolor.org\/index.php\/je-suis-deja-partenaire\/","title":{"rendered":"Je suis d\u00e9j\u00e0 partenaire"},"content":{"rendered":"\t\t<div data-elementor-type=\"wp-page\" data-elementor-id=\"3236\" class=\"elementor elementor-3236\">\n\t\t\t\t\t\t<div class=\"elementor-inner\">\n\t\t\t\t<div class=\"elementor-section-wrap\">\n\t\t\t\t\t\t\t\t\t<section class=\"elementor-section elementor-top-section elementor-element elementor-element-5af9b0c1 elementor-section-boxed elementor-section-height-default elementor-section-height-default\" data-id=\"5af9b0c1\" data-element_type=\"section\">\n\t\t\t\t\t\t<div class=\"elementor-container elementor-column-gap-default\">\n\t\t\t\t\t\t\t<div class=\"elementor-row\">\n\t\t\t\t\t<div class=\"elementor-column elementor-col-100 elementor-top-column elementor-element elementor-element-2ba220a7\" data-id=\"2ba220a7\" data-element_type=\"column\">\n\t\t\t<div class=\"elementor-column-wrap elementor-element-populated\">\n\t\t\t\t\t\t\t<div class=\"elementor-widget-wrap\">\n\t\t\t\t\t\t<div class=\"elementor-element elementor-element-1f3c8a23 elementor-widget elementor-widget-text-editor\" data-id=\"1f3c8a23\" data-element_type=\"widget\" data-widget_type=\"text-editor.default\">\n\t\t\t\t<div class=\"elementor-widget-container\">\n\t\t\t\t\t\t\t\t<div class=\"elementor-text-editor elementor-clearfix\">\n\t\t\t\t<p style=\"text-align: center;\">Ch\u00e8res et chers partenaires, vous trouverez ici une s\u00e9rie d&#8217;informations<br \/>et de modes d&#8217;emploi utiles afin de vivre l&#8217;exp\u00e9rience Carol&#8217;Or dans les meilleures conditions possibles.<\/p><p style=\"text-align: center;\">Notre \u00e9quipe se tient \u00e0 votre disposition pour toute question, probl\u00e8me technique, besoin de monnaie, si vous d\u00e9sirez nous ramener votre exc\u00e9dent de billets afin de le virer sur votre compte \u00e9lectronique, ou encore si vous n&#8217;en poss\u00e9dez pas encore.<\/p><p style=\"text-align: center;\">Vous pouvez nous joindre par t\u00e9l\u00e9phone\u00a0 de 9h \u00e0 12h au <strong>071\/11.85.81 <\/strong>(n&#8217;h\u00e9sitez pas \u00e0 laisser un message vocal) ou nous contacter par mail via<strong><a href=\"mailto:info@carolor.org\"> info@carolor.org<\/a><\/strong><span style=\"color: var( --e-global-color-text ); font-family: var( --e-global-typography-text-font-family ), Sans-serif; font-weight: var( --e-global-typography-text-font-weight ); font-size: 1rem;\">\u00a0<\/span><\/p><p style=\"text-align: center;\"><a class=\"wp-block-button__link has-background no-border-radius\" style=\"font-family: var( --e-global-typography-text-font-family ), Sans-serif; background: linear-gradient(90deg, #0693e3 0%, #9b51e0 65%);\" href=\"https:\/\/carolor.org\/wp-content\/uploads\/2021\/03\/mode-emploi-reconversion.pdf\" target=\"_blank\" rel=\"noreferrer noopener\"><strong>Mode d&#8217;emploi : Reconversion<\/strong> <strong>via la plateforme &#8220;Ma monnaie citoyenne&#8221;<\/strong><\/a><\/p><div class=\"wp-block-buttons aligncenter\"><p><!-- \/wp:button --><\/p><\/div><p><!-- \/wp:buttons --><\/p><p style=\"text-align: center;\">IMPORTANT : la taxe de r\u00e9dimage (frais de reconversion) et la limite de reconversion sont suspendues <strong>jusqu\u2019au 31 d\u00e9cembre 2023<\/strong> pour tous les partenaires du r\u00e9seau Carol&#8217;Or.<\/p><p style=\"text-align: center;\"><a class=\"wp-block-button__link has-background no-border-radius\" style=\"font-family: var( --e-global-typography-text-font-family ), Sans-serif; background: linear-gradient(135deg, #caf880 49%, #71ce7e 100%);\" href=\"https:\/\/carolor.org\/wp-content\/uploads\/2019\/03\/Kit-daccueil-du-partenaire-CarolOr.pdf\" target=\"_blank\" rel=\"noreferrer noopener\"><span class=\"has-inline-color has-black-color\"><strong>Guide d&#8217;accueil<\/strong><\/span><\/a><\/p><p style=\"text-align: center;\"><!-- \/wp:buttons --><span style=\"color: var( --e-global-color-text ); font-family: var( --e-global-typography-text-font-family ), Sans-serif; font-weight: var( --e-global-typography-text-font-weight ); font-size: 1rem;\">\u00a0<\/span><a class=\"wp-block-button__link has-background no-border-radius\" style=\"font-family: var( --e-global-typography-text-font-family ), Sans-serif; background: linear-gradient(90deg, #0693e3 0%, #9b51e0 65%);\" href=\"https:\/\/carolor.org\/wp-content\/uploads\/2022\/03\/CarolOr-Comptabilite-rien-de-plus-simple.pdf\" target=\"_blank\" rel=\"noreferrer noopener\"><strong>Guide comptable du Carol&#8217;Or<\/strong><\/a><\/p><p><!-- wp:separator {\"color\":\"black\",\"className\":\"is-style-wide\"} --><\/p><hr class=\"wp-block-separator has-text-color has-background has-black-background-color has-black-color is-style-wide\" \/><p><!-- \/wp:separator --><\/p><p><!-- wp:shortcode --><br \/><div class=\"hrf-faq-list\"><article class=\"hrf-entry\" id=\"hrf-entry-1194\">\n                      <h3 class=\"hrf-title close-faq\" data-content-id=\"hrf-content-1194\"><span><\/span>Les avantages pour un commer\u00e7ant partenaire ?<\/h3>\n                     <div class=\"hrf-content\" id=\"hrf-content-1194\"><ul>\r\n \t<li><i>La monnaie compl\u00e9mentaire est garante d&#8217;un certain nombre de valeurs reprises dans la charte \u00e9tablie par le groupe porteur du projet Carol\u2019Or.<span class=\"Apple-converted-space\">\u00a0<\/span><\/i><\/li>\r\n \t<li><i>Le partenaire du Carol\u2019Or est mis en r\u00e9seau avec d\u2019autres partenaires ou fournisseurs locaux qui privil\u00e9gient les m\u00eames valeurs \u00e0 travers l&#8217;acceptation de cette monnaie. Il participe ainsi \u00e0 un mouvement limitant la disparition des magasins de proximit\u00e9 et allant \u00e0 contre-courant du ph\u00e9nom\u00e8ne Amazon et autres achats sur Internet.<\/i><\/li>\r\n \t<li><i>Dans le m\u00eame temps, il b\u00e9n\u00e9ficie d&#8217;un \u00e9largissement de sa client\u00e8le, s\u2019assure une place privil\u00e9gi\u00e9e dans un r\u00e9seau de clients, une mani\u00e8re suppl\u00e9mentaire de fid\u00e9liser sa propre client\u00e8le et \u00e9ventuellement l\u2019augmenter.<\/i><\/li>\r\n \t<li><i>D\u00e8s lors, en allant chez un partenaire du r\u00e9seau de la monnaie, les utilisateurs sont confiants, ils savent que ce dernier s\u2019est engag\u00e9 \u00e0 respecter la charte du Carol\u2019Or\u00a0!<\/i><\/li>\r\n<\/ul><\/div>\n                  <\/article><article class=\"hrf-entry\" id=\"hrf-entry-1201\">\n                      <h3 class=\"hrf-title close-faq\" data-content-id=\"hrf-content-1201\"><span><\/span>En tant que commer\u00e7ant, comment je fais pour faire circuler le Carol\u2019Or ?<\/h3>\n                     <div class=\"hrf-content\" id=\"hrf-content-1201\"><p>\u2022 En rendant la monnaie en Carol\u2019Or<\/p>\n<p>\u2022 En \u00e9changeant des euros en Carol\u2019Or aupr\u00e8s de clients qui souhaitent en obtenir (comptoir d&#8217;\u00e9change)<\/p>\n<p>\u2022 En faisant vos achats aupr\u00e8s d\u2019autres commer\u00e7ants ou fournisseurs qui acceptent le Carol\u2019Or<\/p>\n<p>\u2022 En vous payant partiellement en Carol\u2019Or<\/p>\n<p>\u2022 Et, \u00e9ventuellement, en \u00e9changeant le Carol\u2019Or en euros moyennant une taxe de r\u00e9dimage de 2% (via la plateforme Ma Monnaie Citoyenne ou en prenant rendez-vous avec notre \u00e9quipe)<\/p>\n<p>\u2022\u2022\u2022 Si vous avez un exc\u00e9dent de monnaie, il vous est possible de nous les rapporter afin de les transf\u00e9rer sur votre compte \u00e9lectronique Carol&#8217;Or.<br \/>\n\u2022\u2022\u2022 Si vous n&#8217;avez plus de monnaie, vous pouvez contacter un <a href=\"http:\/\/carolor.org\/index.php\/liste-comptoirs-de-change\/\">comptoir de change<\/a> qui cr\u00e9ditera votre compte \u00e9lectronique et vous approvisionnera en billets CR. Nous vous rappelons que le bureau du Carol&#8217;Or, situ\u00e9 au 77 rue de la Montagne, est \u00e9galement un comptoir de change.<\/p>\n<\/div>\n                  <\/article><article class=\"hrf-entry\" id=\"hrf-entry-1207\">\n                      <h3 class=\"hrf-title close-faq\" data-content-id=\"hrf-content-1207\"><span><\/span>En tant que commer\u00e7ant, comment je fais pour la TVA, la compta, les imp\u00f4ts\u2026?<\/h3>\n                     <div class=\"hrf-content\" id=\"hrf-content-1207\"><p>Les monnaies locales sont comptabilis\u00e9es comme des euros. Il n\u2019y a pas de diff\u00e9rence, c\u2019est \u00ab\u00a0transparent \u00bb. Ce type de bon est l\u00e9gal de la m\u00eame mani\u00e8re que les bons d\u2019achat, ch\u00e8ques-repas, \u00e9co-ch\u00e8ques ou points offerts sur les cartes de fid\u00e9lit\u00e9 des grandes surfaces.<\/p>\n<p>Pour plus de claret\u00e9 pour vos op\u00e9rations, nous avons r\u00e9dig\u00e9 un petit guide comptable explicatif : <a href=\"https:\/\/carolor.org\/wp-content\/uploads\/2022\/03\/CarolOr-Comptabilite-rien-de-plus-simple.pdf\">Carol&#8217;Or &amp; Comptabilit\u00e9, rien de plus simple<\/a> !<\/p>\n<\/div>\n                  <\/article><article class=\"hrf-entry\" id=\"hrf-entry-1358\">\n                      <h3 class=\"hrf-title close-faq\" data-content-id=\"hrf-content-1358\"><span><\/span>Est-ce que faire partie du r\u00e9seau Carol&#8217;Or peut augmenter mon chiffre d&#8217;affaire ?<\/h3>\n                     <div class=\"hrf-content\" id=\"hrf-content-1358\"><p><strong>Oui<\/strong> car une partie des usagers de la monnaie ne vous connaissent tout simplement pas !<\/p>\n<p>En vous voyant appara\u00eetre dans le catalogue des partenaires, ils sauront que vous partagez des valeurs communes, qui sont celles de la charte, et l&#8217;on constate un peu partout que cela peut modifier en votre faveur les comportements d&#8217;achat des usagers.<\/p>\n<p>De plus, certains autres partenaires, d\u00e9sireux de modifier l&#8217;approvisionnement des biens et services n\u00e9cessaires \u00e0 leur activit\u00e9 vont tout simplement tenter de faire appel aux membres du r\u00e9seau; en effet, ils doivent eux-m\u00eame \u00e9couler leurs propres Carol&#8217;Or !<\/p>\n<p>Ce cercle vertueux est l&#8217;essence m\u00eame de ce qui fait l&#8217;int\u00e9r\u00eat de faire vivre une monnaie locale dans sa r\u00e9gion !<\/p>\n<div id=\"ConnectiveDocSignExtentionInstalled\" data-extension-version=\"1.0.4\"><\/div>\n<div id=\"ConnectiveDocSignExtentionInstalled\" data-extension-version=\"1.0.4\"><\/div>\n<div id=\"ConnectiveDocSignExtentionInstalled\" data-extension-version=\"1.0.4\"><\/div>\n<div id=\"ConnectiveDocSignExtentionInstalled\" data-extension-version=\"1.0.4\"><\/div>\n<div id=\"ConnectiveDocSignExtentionInstalled\" data-extension-version=\"1.0.4\"><\/div>\n<div id=\"ConnectiveDocSignExtentionInstalled\" data-extension-version=\"1.0.4\"><\/div>\n<div id=\"ConnectiveDocSignExtentionInstalled\" data-extension-version=\"1.0.4\"><\/div>\n<div id=\"ConnectiveDocSignExtentionInstalled\" data-extension-version=\"1.0.4\"><\/div>\n<\/div>\n                  <\/article><article class=\"hrf-entry\" id=\"hrf-entry-2650\">\n                      <h3 class=\"hrf-title close-faq\" data-content-id=\"hrf-content-2650\"><span><\/span>Qu&#8217;est-ce que le r\u00e9dimage ?<\/h3>\n                     <div class=\"hrf-content\" id=\"hrf-content-2650\"><p>R\u00e9dimer signifie &#8220;racheter&#8221; : le r\u00e9dimage est la reconversion des Carol\u2019Or en\u00a0 euros.<\/p>\n<p>Lors de cette reconversion, l\u2019Asbl pr\u00e9l\u00e8ve une taxe, la taxe de r\u00e9dimage. Elle est fix\u00e9e \u00e0 2 % par notre &#8220;R\u00e8glement d\u2019ordre int\u00e9rieur&#8221; (ROI).<\/p>\n<p>Le but de cette taxe est de limiter les abus de reconversion.<\/p>\n<p>En effet les Carol\u2019Or ne doivent pas rester stock\u00e9s chez les partenaires mais il faut les faire circuler.<\/p>\n<p>Toutefois, cette taxe est <strong>suspendue jusqu\u2019au 31 d\u00e9cembre 2021<\/strong> pour les tous les partenaires (mesure sp\u00e9cifique d\u00e9cid\u00e9e par l\u2019Asbl en soutien du commerce local).<\/p>\n<p>La reconversion des Carol\u2019Or en euros a \u00e9t\u00e9 limit\u00e9e \u00e0 2400CR par an.<\/p>\n<p>Cette limitation sera de nouveau en vigueur \u00e0 partir du 1<sup>er<\/sup> janvier 2022, sauf d\u00e9cision contraire.<\/p>\n<p>&nbsp;<\/p>\n<div id=\"ConnectiveDocSignExtentionInstalled\" style=\"text-align: left;\" data-extension-version=\"1.0.4\"><\/div>\n<div id=\"ConnectiveDocSignExtentionInstalled\" style=\"text-align: left;\" data-extension-version=\"1.0.4\"><\/div>\n<div id=\"ConnectiveDocSignExtentionInstalled\" style=\"text-align: left;\" data-extension-version=\"1.0.4\"><\/div>\n<div id=\"ConnectiveDocSignExtentionInstalled\" style=\"text-align: left;\" data-extension-version=\"1.0.4\"><\/div>\n<div id=\"ConnectiveDocSignExtentionInstalled\" style=\"text-align: left;\" data-extension-version=\"1.0.4\"><\/div>\n<div id=\"ConnectiveDocSignExtentionInstalled\" style=\"text-align: left;\" data-extension-version=\"1.0.4\"><\/div>\n<\/div>\n                  <\/article><article style = \"display:block;text-align:right; font-size:11px\">Powered by <a href=\"https:\/\/websitebuilderguide.com\/wp-plugins\/html5-responsive-faq-plugin-for-wordpress\/\" target=\"_blank\">HTML5 Responsive FAQ<\/a><\/article><\/div><!-- HRF v 2.8.4 --><br \/><!-- \/wp:shortcode --><\/p>\t\t\t\t\t<\/div>\n\t\t\t\t\t\t<\/div>\n\t\t\t\t<\/div>\n\t\t\t\t\t\t<\/div>\n\t\t\t\t\t<\/div>\n\t\t<\/div>\n\t\t\t\t\t\t\t\t<\/div>\n\t\t\t\t\t<\/div>\n\t\t<\/section>\n\t\t\t\t\t\t\t\t\t<\/div>\n\t\t\t<\/div>\n\t\t\t\t\t<\/div>\n\t\t","protected":false},"excerpt":{"rendered":"<p>Ch\u00e8res et chers partenaires, vous trouverez ici une s\u00e9rie d&#8217;informationset de modes d&#8217;emploi utiles afin de vivre l&#8217;exp\u00e9rience Carol&#8217;Or dans les meilleures conditions possibles. Notre \u00e9quipe se tient \u00e0 votre &hellip; <\/p>\n<p class=\"link-more\"><a href=\"https:\/\/carolor.org\/index.php\/hrf_faq\/quest-ce-que-le-redimage\/\" class=\"more-link\">Continuer la lecture<span class=\"screen-reader-text\"> de &laquo;&nbsp;Qu&#8217;est-ce que le r\u00e9dimage ?&nbsp;&raquo;<\/span><\/a><\/p>\n","protected":false},"author":28,"featured_media":0,"parent":0,"menu_order":0,"comment_status":"closed","ping_status":"closed","template":"","meta":[],"yoast_head":"<!-- This site is optimized with the Yoast SEO plugin v18.4.1 - https:\/\/yoast.com\/wordpress\/plugins\/seo\/ -->\n<title>Je suis d\u00e9j\u00e0 partenaire -<\/title>\n<meta name=\"description\" content=\"Bienvenue sur le site du Carol&#039;or, La monnaie citoyenne du pays de Charleroi et de la Haute Sambre pour d\u00e9couvrir notre r\u00e9seau\" \/>\n<meta name=\"robots\" content=\"index, follow, max-snippet:-1, max-image-preview:large, max-video-preview:-1\" \/>\n<link rel=\"canonical\" href=\"https:\/\/carolor.org\/index.php\/je-suis-deja-partenaire\/\" \/>\n<meta property=\"og:locale\" content=\"fr_FR\" \/>\n<meta property=\"og:type\" content=\"article\" \/>\n<meta property=\"og:title\" content=\"Je suis d\u00e9j\u00e0 partenaire -\" \/>\n<meta property=\"og:description\" content=\"Bienvenue sur le site du Carol&#039;or, La monnaie citoyenne du pays de Charleroi et de la Haute Sambre pour d\u00e9couvrir notre r\u00e9seau\" \/>\n<meta property=\"og:url\" content=\"https:\/\/carolor.org\/index.php\/je-suis-deja-partenaire\/\" \/>\n<meta property=\"article:publisher\" content=\"http:\/\/www.facebook.com\/LeCarolOr\/\" \/>\n<meta property=\"article:modified_time\" content=\"2022-11-18T13:25:24+00:00\" \/>\n<meta name=\"twitter:card\" content=\"summary_large_image\" \/>\n<meta name=\"twitter:site\" content=\"@carol_or\" \/>\n<meta name=\"twitter:label1\" content=\"Dur\u00e9e de lecture estim\u00e9e\" \/>\n\t<meta name=\"twitter:data1\" content=\"1 minute\" \/>\n<script type=\"application\/ld+json\" class=\"yoast-schema-graph\">{\"@context\":\"https:\/\/schema.org\",\"@graph\":[{\"@type\":\"Organization\",\"@id\":\"https:\/\/carolor.org\/#organization\",\"name\":\"Carol'Or\",\"url\":\"https:\/\/carolor.org\/\",\"sameAs\":[\"http:\/\/www.facebook.com\/LeCarolOr\/\",\"https:\/\/twitter.com\/carol_or\"],\"logo\":{\"@type\":\"ImageObject\",\"@id\":\"https:\/\/carolor.org\/#logo\",\"inLanguage\":\"fr-FR\",\"url\":\"https:\/\/carolor.org\/wp-content\/uploads\/2018\/10\/CarolOr_Logo_Noir-e1540477867364.png\",\"contentUrl\":\"https:\/\/carolor.org\/wp-content\/uploads\/2018\/10\/CarolOr_Logo_Noir-e1540477867364.png\",\"width\":600,\"height\":494,\"caption\":\"Carol'Or\"},\"image\":{\"@id\":\"https:\/\/carolor.org\/#logo\"}},{\"@type\":\"WebSite\",\"@id\":\"https:\/\/carolor.org\/#website\",\"url\":\"https:\/\/carolor.org\/\",\"name\":\"Carol'Or\",\"description\":\"La monnaie citoyenne du pays de Charleroi et de la Haute Sambre\",\"publisher\":{\"@id\":\"https:\/\/carolor.org\/#organization\"},\"potentialAction\":[{\"@type\":\"SearchAction\",\"target\":{\"@type\":\"EntryPoint\",\"urlTemplate\":\"https:\/\/carolor.org\/?s={search_term_string}\"},\"query-input\":\"required name=search_term_string\"}],\"inLanguage\":\"fr-FR\"},{\"@type\":\"WebPage\",\"@id\":\"https:\/\/carolor.org\/index.php\/je-suis-deja-partenaire\/#webpage\",\"url\":\"https:\/\/carolor.org\/index.php\/je-suis-deja-partenaire\/\",\"name\":\"Je suis d\u00e9j\u00e0 partenaire -\",\"isPartOf\":{\"@id\":\"https:\/\/carolor.org\/#website\"},\"datePublished\":\"2021-03-10T15:01:50+00:00\",\"dateModified\":\"2022-11-18T13:25:24+00:00\",\"description\":\"Bienvenue sur le site du Carol'or, La monnaie citoyenne du pays de Charleroi et de la Haute Sambre pour d\u00e9couvrir notre r\u00e9seau\",\"breadcrumb\":{\"@id\":\"https:\/\/carolor.org\/index.php\/je-suis-deja-partenaire\/#breadcrumb\"},\"inLanguage\":\"fr-FR\",\"potentialAction\":[{\"@type\":\"ReadAction\",\"target\":[\"https:\/\/carolor.org\/index.php\/je-suis-deja-partenaire\/\"]}]},{\"@type\":\"BreadcrumbList\",\"@id\":\"https:\/\/carolor.org\/index.php\/je-suis-deja-partenaire\/#breadcrumb\",\"itemListElement\":[{\"@type\":\"ListItem\",\"position\":1,\"name\":\"Accueil\",\"item\":\"https:\/\/carolor.org\/\"},{\"@type\":\"ListItem\",\"position\":2,\"name\":\"Je suis d\u00e9j\u00e0 partenaire\"}]}]}<\/script>\n<!-- \/ Yoast SEO plugin. -->","yoast_head_json":{"title":"Je suis d\u00e9j\u00e0 partenaire -","description":"Bienvenue sur le site du Carol'or, La monnaie citoyenne du pays de Charleroi et de la Haute Sambre pour d\u00e9couvrir notre r\u00e9seau","robots":{"index":"index","follow":"follow","max-snippet":"max-snippet:-1","max-image-preview":"max-image-preview:large","max-video-preview":"max-video-preview:-1"},"canonical":"https:\/\/carolor.org\/index.php\/je-suis-deja-partenaire\/","og_locale":"fr_FR","og_type":"article","og_title":"Je suis d\u00e9j\u00e0 partenaire -","og_description":"Bienvenue sur le site du Carol'or, La monnaie citoyenne du pays de Charleroi et de la Haute Sambre pour d\u00e9couvrir notre r\u00e9seau","og_url":"https:\/\/carolor.org\/index.php\/je-suis-deja-partenaire\/","article_publisher":"http:\/\/www.facebook.com\/LeCarolOr\/","article_modified_time":"2022-11-18T13:25:24+00:00","twitter_card":"summary_large_image","twitter_site":"@carol_or","twitter_misc":{"Dur\u00e9e de lecture estim\u00e9e":"1 minute"},"schema":{"@context":"https:\/\/schema.org","@graph":[{"@type":"Organization","@id":"https:\/\/carolor.org\/#organization","name":"Carol'Or","url":"https:\/\/carolor.org\/","sameAs":["http:\/\/www.facebook.com\/LeCarolOr\/","https:\/\/twitter.com\/carol_or"],"logo":{"@type":"ImageObject","@id":"https:\/\/carolor.org\/#logo","inLanguage":"fr-FR","url":"https:\/\/carolor.org\/wp-content\/uploads\/2018\/10\/CarolOr_Logo_Noir-e1540477867364.png","contentUrl":"https:\/\/carolor.org\/wp-content\/uploads\/2018\/10\/CarolOr_Logo_Noir-e1540477867364.png","width":600,"height":494,"caption":"Carol'Or"},"image":{"@id":"https:\/\/carolor.org\/#logo"}},{"@type":"WebSite","@id":"https:\/\/carolor.org\/#website","url":"https:\/\/carolor.org\/","name":"Carol'Or","description":"La monnaie citoyenne du pays de Charleroi et de la Haute Sambre","publisher":{"@id":"https:\/\/carolor.org\/#organization"},"potentialAction":[{"@type":"SearchAction","target":{"@type":"EntryPoint","urlTemplate":"https:\/\/carolor.org\/?s={search_term_string}"},"query-input":"required name=search_term_string"}],"inLanguage":"fr-FR"},{"@type":"WebPage","@id":"https:\/\/carolor.org\/index.php\/je-suis-deja-partenaire\/#webpage","url":"https:\/\/carolor.org\/index.php\/je-suis-deja-partenaire\/","name":"Je suis d\u00e9j\u00e0 partenaire -","isPartOf":{"@id":"https:\/\/carolor.org\/#website"},"datePublished":"2021-03-10T15:01:50+00:00","dateModified":"2022-11-18T13:25:24+00:00","description":"Bienvenue sur le site du Carol'or, La monnaie citoyenne du pays de Charleroi et de la Haute Sambre pour d\u00e9couvrir notre r\u00e9seau","breadcrumb":{"@id":"https:\/\/carolor.org\/index.php\/je-suis-deja-partenaire\/#breadcrumb"},"inLanguage":"fr-FR","potentialAction":[{"@type":"ReadAction","target":["https:\/\/carolor.org\/index.php\/je-suis-deja-partenaire\/"]}]},{"@type":"BreadcrumbList","@id":"https:\/\/carolor.org\/index.php\/je-suis-deja-partenaire\/#breadcrumb","itemListElement":[{"@type":"ListItem","position":1,"name":"Accueil","item":"https:\/\/carolor.org\/"},{"@type":"ListItem","position":2,"name":"Je suis d\u00e9j\u00e0 partenaire"}]}]}},"_links":{"self":[{"href":"https:\/\/carolor.org\/index.php\/wp-json\/wp\/v2\/pages\/3236"}],"collection":[{"href":"https:\/\/carolor.org\/index.php\/wp-json\/wp\/v2\/pages"}],"about":[{"href":"https:\/\/carolor.org\/index.php\/wp-json\/wp\/v2\/types\/page"}],"author":[{"embeddable":true,"href":"https:\/\/carolor.org\/index.php\/wp-json\/wp\/v2\/users\/28"}],"replies":[{"embeddable":true,"href":"https:\/\/carolor.org\/index.php\/wp-json\/wp\/v2\/comments?post=3236"}],"version-history":[{"count":52,"href":"https:\/\/carolor.org\/index.php\/wp-json\/wp\/v2\/pages\/3236\/revisions"}],"predecessor-version":[{"id":4955,"href":"https:\/\/carolor.org\/index.php\/wp-json\/wp\/v2\/pages\/3236\/revisions\/4955"}],"wp:attachment":[{"href":"https:\/\/carolor.org\/index.php\/wp-json\/wp\/v2\/media?parent=3236"}],"curies":[{"name":"wp","href":"https:\/\/api.w.org\/{rel}","templated":true}]}}