{"id":27,"date":"2018-07-25T18:01:35","date_gmt":"2018-07-25T16:01:35","guid":{"rendered":"http:\/\/carolor.org\/?page_id=27"},"modified":"2022-10-21T11:16:53","modified_gmt":"2022-10-21T09:16:53","slug":"qui-sommes-nous","status":"publish","type":"page","link":"https:\/\/carolor.org\/index.php\/qui-sommes-nous\/","title":{"rendered":"Qui sommes nous ?"},"content":{"rendered":"\t\t<div data-elementor-type=\"wp-page\" data-elementor-id=\"27\" class=\"elementor elementor-27\">\n\t\t\t\t\t\t<div class=\"elementor-inner\">\n\t\t\t\t<div class=\"elementor-section-wrap\">\n\t\t\t\t\t\t\t\t\t<section class=\"elementor-section elementor-top-section elementor-element elementor-element-54fd4c40 elementor-section-boxed elementor-section-height-default elementor-section-height-default\" data-id=\"54fd4c40\" data-element_type=\"section\">\n\t\t\t\t\t\t<div class=\"elementor-container elementor-column-gap-default\">\n\t\t\t\t\t\t\t<div class=\"elementor-row\">\n\t\t\t\t\t<div class=\"elementor-column elementor-col-100 elementor-top-column elementor-element elementor-element-12a2663d\" data-id=\"12a2663d\" data-element_type=\"column\">\n\t\t\t<div class=\"elementor-column-wrap elementor-element-populated\">\n\t\t\t\t\t\t\t<div class=\"elementor-widget-wrap\">\n\t\t\t\t\t\t<div class=\"elementor-element elementor-element-1dab324 elementor-widget elementor-widget-text-editor\" data-id=\"1dab324\" data-element_type=\"widget\" data-widget_type=\"text-editor.default\">\n\t\t\t\t<div class=\"elementor-widget-container\">\n\t\t\t\t\t\t\t\t<div class=\"elementor-text-editor elementor-clearfix\">\n\t\t\t\t<p class=\"Textbody\"><span lang=\"FR\">En 2016, une quinzaine de personnes et quelques associations ont entam\u00e9 une r\u00e9flexion autour de leur action concr\u00e8te en tant que citoyens et consommateurs. <\/span><span lang=\"FR\">C&#8217;est ainsi qu&#8217;est n\u00e9 et a \u00e9t\u00e9 mis en circulation, au printemps 2019, le Carol\u2019Or : la monnaie citoyenne compl\u00e9mentaire et locale du pays de Charleroi et de la Haute Sambre !<\/span><span lang=\"FR\"><br><\/span><\/p>\n<p class=\"Textbody\"><span lang=\"FR\">Ce \u00ab bon de soutien \u00e0 l\u2019\u00e9conomie locale \u00bb, g\u00e9r\u00e9 par l\u2019asbl Le Carol\u2019Or, vise \u00e0 favoriser les commerces, initiatives et prestataires de services locaux, soucieux d\u2019allier qualit\u00e9, solidarit\u00e9 et respect de l\u2019environnement.<\/span> <\/p>\n<div><span lang=\"FR\">Une mani\u00e8re pour tous les utilisateurs du Carol\u2019Or, consommateurs et prestataires, de donner du sens \u00e0 leur mani\u00e8re de produire et de consommer.<\/span><\/div>\n<p><!-- wp:file {\"id\":589,\"href\":\"http:\/\/carolor.org\/wp-content\/uploads\/2019\/02\/Statuts-CarolOr-Version-finale.pdf\"} --><\/p>\n<div class=\"wp-block-file\" style=\"text-align: center;\"><a href=\"http:\/\/carolor.org\/wp-content\/uploads\/2019\/02\/Statuts-CarolOr-Version-finale.pdf\">Statuts Asbl Carol&#8217;Or<\/a><a class=\"wp-block-file__button\" href=\"http:\/\/carolor.org\/wp-content\/uploads\/2019\/02\/Statuts-CarolOr-Version-finale.pdf\" download=\"\">T\u00e9l\u00e9charger<\/a>&nbsp; &nbsp; &nbsp; &nbsp; &nbsp; &nbsp; &nbsp; &nbsp; &nbsp; <a href=\"http:\/\/carolor.org\/wp-content\/uploads\/2019\/05\/CarolOr-ROI-Version-CA-070519.pdf\">R\u00e8glement d&#8217;Ordre Int\u00e9rieur<\/a><a class=\"wp-block-file__button\" href=\"http:\/\/carolor.org\/wp-content\/uploads\/2019\/05\/CarolOr-ROI-Version-CA-070519.pdf\" download=\"\">T\u00e9l\u00e9charger<\/a><\/div>\n<p style=\"text-align: center;\"><!-- \/wp:file --><!-- wp:file {\"id\":1186,\"href\":\"http:\/\/carolor.org\/wp-content\/uploads\/2019\/05\/CarolOr-ROI-Version-CA-070519.pdf\"} --><\/p>\n<p style=\"text-align: center;\"><!-- \/wp:file --><!-- wp:separator --><\/p>\n<p style=\"text-align: center;\"><!-- \/wp:separator --><!-- wp:paragraph {\"align\":\"center\"} --><\/p>\n<p style=\"text-align: center;\"><!-- \/wp:shortcode --><!-- wp:separator {\"className\":\"is-style-wide\"} --><\/p>\n<p style=\"text-align: center;\"><!-- \/wp:separator --><!-- wp:paragraph {\"align\":\"center\"} --><\/p>\n<h3 class=\"has-text-align-center\" style=\"text-align: center;\">Envie d&#8217;en savoir plus ?<\/h3>\n<p><!-- \/wp:paragraph --><!-- wp:paragraph {\"align\":\"center\"} --><\/p>\n<p class=\"has-text-align-center\">D\u00e9couvrez nos premi\u00e8res vid\u00e9os promotionnelles, elles en disent beaucoup sur nous&#8230;!<\/p>\n<p><!-- \/wp:paragraph --><!-- wp:video {\"id\":673} --><\/p>\n<figure class=\"wp-block-video\"><video src=\"https:\/\/carolor.org\/wp-content\/uploads\/2019\/02\/Crowdfunding.mp4\" controls=\"controls\" width=\"300\" height=\"150\"><\/video><\/figure>\n<p><!-- \/wp:video --><!-- wp:video {\"id\":501} --><\/p>\n<figure class=\"wp-block-video\"><video src=\"https:\/\/carolor.org\/wp-content\/uploads\/2019\/01\/Carolor-Producteurs-Locaux-v1.mp4\" controls=\"controls\" width=\"300\" height=\"150\"><\/video><\/figure>\n<p><!-- \/wp:video --><\/p>\t\t\t\t\t<\/div>\n\t\t\t\t\t\t<\/div>\n\t\t\t\t<\/div>\n\t\t\t\t\t\t<\/div>\n\t\t\t\t\t<\/div>\n\t\t<\/div>\n\t\t\t\t\t\t\t\t<\/div>\n\t\t\t\t\t<\/div>\n\t\t<\/section>\n\t\t\t\t\t\t\t\t\t<\/div>\n\t\t\t<\/div>\n\t\t\t\t\t<\/div>\n\t\t","protected":false},"excerpt":{"rendered":"<p>En 2016, une quinzaine de personnes et quelques associations ont entam\u00e9 une r\u00e9flexion autour de leur action concr\u00e8te en tant que citoyens et consommateurs. C&#8217;est ainsi qu&#8217;est n\u00e9 et a &hellip; <\/p>\n<p class=\"link-more\"><a href=\"https:\/\/carolor.org\/index.php\/qui-sommes-nous\/\" class=\"more-link\">Continuer la lecture<span class=\"screen-reader-text\"> de &laquo;&nbsp;Qui sommes nous ?&nbsp;&raquo;<\/span><\/a><\/p>\n","protected":false},"author":2,"featured_media":0,"parent":0,"menu_order":0,"comment_status":"closed","ping_status":"closed","template":"","meta":[],"yoast_head":"<!-- This site is optimized with the Yoast SEO plugin v18.4.1 - https:\/\/yoast.com\/wordpress\/plugins\/seo\/ -->\n<title>Qui sommes nous ? -<\/title>\n<meta name=\"description\" content=\"Bienvenue sur le site du Carol&#039;or, La monnaie citoyenne du pays de Charleroi et de la Haute Sambre pour d\u00e9couvrir notre r\u00e9seau\" \/>\n<meta name=\"robots\" content=\"index, follow, max-snippet:-1, max-image-preview:large, max-video-preview:-1\" \/>\n<link rel=\"canonical\" href=\"https:\/\/carolor.org\/index.php\/qui-sommes-nous\/\" \/>\n<meta property=\"og:locale\" content=\"fr_FR\" \/>\n<meta property=\"og:type\" content=\"article\" \/>\n<meta property=\"og:title\" content=\"Qui sommes nous ? -\" \/>\n<meta property=\"og:description\" content=\"Bienvenue sur le site du Carol&#039;or, La monnaie citoyenne du pays de Charleroi et de la Haute Sambre pour d\u00e9couvrir notre r\u00e9seau\" \/>\n<meta property=\"og:url\" content=\"https:\/\/carolor.org\/index.php\/qui-sommes-nous\/\" \/>\n<meta property=\"article:publisher\" content=\"http:\/\/www.facebook.com\/LeCarolOr\/\" \/>\n<meta property=\"article:modified_time\" content=\"2022-10-21T09:16:53+00:00\" \/>\n<meta name=\"twitter:card\" content=\"summary_large_image\" \/>\n<meta name=\"twitter:site\" content=\"@carol_or\" \/>\n<meta name=\"twitter:label1\" content=\"Dur\u00e9e de lecture estim\u00e9e\" \/>\n\t<meta name=\"twitter:data1\" content=\"1 minute\" \/>\n<script type=\"application\/ld+json\" class=\"yoast-schema-graph\">{\"@context\":\"https:\/\/schema.org\",\"@graph\":[{\"@type\":\"Organization\",\"@id\":\"https:\/\/carolor.org\/#organization\",\"name\":\"Carol'Or\",\"url\":\"https:\/\/carolor.org\/\",\"sameAs\":[\"http:\/\/www.facebook.com\/LeCarolOr\/\",\"https:\/\/twitter.com\/carol_or\"],\"logo\":{\"@type\":\"ImageObject\",\"@id\":\"https:\/\/carolor.org\/#logo\",\"inLanguage\":\"fr-FR\",\"url\":\"https:\/\/carolor.org\/wp-content\/uploads\/2018\/10\/CarolOr_Logo_Noir-e1540477867364.png\",\"contentUrl\":\"https:\/\/carolor.org\/wp-content\/uploads\/2018\/10\/CarolOr_Logo_Noir-e1540477867364.png\",\"width\":600,\"height\":494,\"caption\":\"Carol'Or\"},\"image\":{\"@id\":\"https:\/\/carolor.org\/#logo\"}},{\"@type\":\"WebSite\",\"@id\":\"https:\/\/carolor.org\/#website\",\"url\":\"https:\/\/carolor.org\/\",\"name\":\"Carol'Or\",\"description\":\"La monnaie citoyenne du pays de Charleroi et de la Haute Sambre\",\"publisher\":{\"@id\":\"https:\/\/carolor.org\/#organization\"},\"potentialAction\":[{\"@type\":\"SearchAction\",\"target\":{\"@type\":\"EntryPoint\",\"urlTemplate\":\"https:\/\/carolor.org\/?s={search_term_string}\"},\"query-input\":\"required name=search_term_string\"}],\"inLanguage\":\"fr-FR\"},{\"@type\":\"WebPage\",\"@id\":\"https:\/\/carolor.org\/index.php\/qui-sommes-nous\/#webpage\",\"url\":\"https:\/\/carolor.org\/index.php\/qui-sommes-nous\/\",\"name\":\"Qui sommes nous ? -\",\"isPartOf\":{\"@id\":\"https:\/\/carolor.org\/#website\"},\"datePublished\":\"2018-07-25T16:01:35+00:00\",\"dateModified\":\"2022-10-21T09:16:53+00:00\",\"description\":\"Bienvenue sur le site du Carol'or, La monnaie citoyenne du pays de Charleroi et de la Haute Sambre pour d\u00e9couvrir notre r\u00e9seau\",\"breadcrumb\":{\"@id\":\"https:\/\/carolor.org\/index.php\/qui-sommes-nous\/#breadcrumb\"},\"inLanguage\":\"fr-FR\",\"potentialAction\":[{\"@type\":\"ReadAction\",\"target\":[\"https:\/\/carolor.org\/index.php\/qui-sommes-nous\/\"]}]},{\"@type\":\"BreadcrumbList\",\"@id\":\"https:\/\/carolor.org\/index.php\/qui-sommes-nous\/#breadcrumb\",\"itemListElement\":[{\"@type\":\"ListItem\",\"position\":1,\"name\":\"Accueil\",\"item\":\"https:\/\/carolor.org\/\"},{\"@type\":\"ListItem\",\"position\":2,\"name\":\"Qui sommes nous ?\"}]}]}<\/script>\n<!-- \/ Yoast SEO plugin. -->","yoast_head_json":{"title":"Qui sommes nous ? -","description":"Bienvenue sur le site du Carol'or, La monnaie citoyenne du pays de Charleroi et de la Haute Sambre pour d\u00e9couvrir notre r\u00e9seau","robots":{"index":"index","follow":"follow","max-snippet":"max-snippet:-1","max-image-preview":"max-image-preview:large","max-video-preview":"max-video-preview:-1"},"canonical":"https:\/\/carolor.org\/index.php\/qui-sommes-nous\/","og_locale":"fr_FR","og_type":"article","og_title":"Qui sommes nous ? -","og_description":"Bienvenue sur le site du Carol'or, La monnaie citoyenne du pays de Charleroi et de la Haute Sambre pour d\u00e9couvrir notre r\u00e9seau","og_url":"https:\/\/carolor.org\/index.php\/qui-sommes-nous\/","article_publisher":"http:\/\/www.facebook.com\/LeCarolOr\/","article_modified_time":"2022-10-21T09:16:53+00:00","twitter_card":"summary_large_image","twitter_site":"@carol_or","twitter_misc":{"Dur\u00e9e de lecture estim\u00e9e":"1 minute"},"schema":{"@context":"https:\/\/schema.org","@graph":[{"@type":"Organization","@id":"https:\/\/carolor.org\/#organization","name":"Carol'Or","url":"https:\/\/carolor.org\/","sameAs":["http:\/\/www.facebook.com\/LeCarolOr\/","https:\/\/twitter.com\/carol_or"],"logo":{"@type":"ImageObject","@id":"https:\/\/carolor.org\/#logo","inLanguage":"fr-FR","url":"https:\/\/carolor.org\/wp-content\/uploads\/2018\/10\/CarolOr_Logo_Noir-e1540477867364.png","contentUrl":"https:\/\/carolor.org\/wp-content\/uploads\/2018\/10\/CarolOr_Logo_Noir-e1540477867364.png","width":600,"height":494,"caption":"Carol'Or"},"image":{"@id":"https:\/\/carolor.org\/#logo"}},{"@type":"WebSite","@id":"https:\/\/carolor.org\/#website","url":"https:\/\/carolor.org\/","name":"Carol'Or","description":"La monnaie citoyenne du pays de Charleroi et de la Haute Sambre","publisher":{"@id":"https:\/\/carolor.org\/#organization"},"potentialAction":[{"@type":"SearchAction","target":{"@type":"EntryPoint","urlTemplate":"https:\/\/carolor.org\/?s={search_term_string}"},"query-input":"required name=search_term_string"}],"inLanguage":"fr-FR"},{"@type":"WebPage","@id":"https:\/\/carolor.org\/index.php\/qui-sommes-nous\/#webpage","url":"https:\/\/carolor.org\/index.php\/qui-sommes-nous\/","name":"Qui sommes nous ? -","isPartOf":{"@id":"https:\/\/carolor.org\/#website"},"datePublished":"2018-07-25T16:01:35+00:00","dateModified":"2022-10-21T09:16:53+00:00","description":"Bienvenue sur le site du Carol'or, La monnaie citoyenne du pays de Charleroi et de la Haute Sambre pour d\u00e9couvrir notre r\u00e9seau","breadcrumb":{"@id":"https:\/\/carolor.org\/index.php\/qui-sommes-nous\/#breadcrumb"},"inLanguage":"fr-FR","potentialAction":[{"@type":"ReadAction","target":["https:\/\/carolor.org\/index.php\/qui-sommes-nous\/"]}]},{"@type":"BreadcrumbList","@id":"https:\/\/carolor.org\/index.php\/qui-sommes-nous\/#breadcrumb","itemListElement":[{"@type":"ListItem","position":1,"name":"Accueil","item":"https:\/\/carolor.org\/"},{"@type":"ListItem","position":2,"name":"Qui sommes nous ?"}]}]}},"_links":{"self":[{"href":"https:\/\/carolor.org\/index.php\/wp-json\/wp\/v2\/pages\/27"}],"collection":[{"href":"https:\/\/carolor.org\/index.php\/wp-json\/wp\/v2\/pages"}],"about":[{"href":"https:\/\/carolor.org\/index.php\/wp-json\/wp\/v2\/types\/page"}],"author":[{"embeddable":true,"href":"https:\/\/carolor.org\/index.php\/wp-json\/wp\/v2\/users\/2"}],"replies":[{"embeddable":true,"href":"https:\/\/carolor.org\/index.php\/wp-json\/wp\/v2\/comments?post=27"}],"version-history":[{"count":48,"href":"https:\/\/carolor.org\/index.php\/wp-json\/wp\/v2\/pages\/27\/revisions"}],"predecessor-version":[{"id":4717,"href":"https:\/\/carolor.org\/index.php\/wp-json\/wp\/v2\/pages\/27\/revisions\/4717"}],"wp:attachment":[{"href":"https:\/\/carolor.org\/index.php\/wp-json\/wp\/v2\/media?parent=27"}],"curies":[{"name":"wp","href":"https:\/\/api.w.org\/{rel}","templated":true}]}}