{"id":2511,"date":"2020-09-17T07:26:51","date_gmt":"2020-09-17T05:26:51","guid":{"rendered":"https:\/\/carolor.org\/?page_id=2511"},"modified":"2022-10-21T11:15:46","modified_gmt":"2022-10-21T09:15:46","slug":"le-carolor-le-billet","status":"publish","type":"page","link":"https:\/\/carolor.org\/index.php\/le-carolor-le-billet\/","title":{"rendered":"Le Carol&#8217;Or: le billet"},"content":{"rendered":"\n<h2>Les coupures<\/h2>\n\n\n\n<p>Nous avons choisi de d\u00e9cliner les billets du Carol&#8217;Or en 5 coupures: 0,5 CR, 1CR, 5CR, 13CR et 25CR<\/p>\n\n\n\n<figure class=\"wp-block-table is-style-stripes\"><table><tbody><tr><td><\/td><td class=\"has-text-align-left\" data-align=\"left\"><strong>Valeur<\/strong><\/td><td class=\"has-text-align-left\" data-align=\"left\"><strong>Quantit\u00e9<\/strong><\/td><\/tr><tr><td><img loading=\"lazy\" width=\"802\" height=\"652\" class=\"wp-image-2530\" src=\"https:\/\/carolor.org\/wp-content\/uploads\/2020\/09\/Billet-05-1.png\" alt=\"\" style=\"width: 100px;\" srcset=\"https:\/\/carolor.org\/wp-content\/uploads\/2020\/09\/Billet-05-1.png 802w, https:\/\/carolor.org\/wp-content\/uploads\/2020\/09\/Billet-05-1-300x244.png 300w, https:\/\/carolor.org\/wp-content\/uploads\/2020\/09\/Billet-05-1-768x624.png 768w\" sizes=\"(max-width: 767px) 89vw, (max-width: 1000px) 54vw, (max-width: 1071px) 543px, 580px\" \/><\/td><td class=\"has-text-align-left\" data-align=\"left\">0,5 CR<\/td><td class=\"has-text-align-left\" data-align=\"left\">5.000<\/td><\/tr><tr><td><img loading=\"lazy\" width=\"884\" height=\"656\" class=\"wp-image-2526\" src=\"https:\/\/carolor.org\/wp-content\/uploads\/2020\/09\/Billet-1.png\" alt=\"\" style=\"width: 110px;\" srcset=\"https:\/\/carolor.org\/wp-content\/uploads\/2020\/09\/Billet-1.png 884w, https:\/\/carolor.org\/wp-content\/uploads\/2020\/09\/Billet-1-300x223.png 300w, https:\/\/carolor.org\/wp-content\/uploads\/2020\/09\/Billet-1-768x570.png 768w\" sizes=\"(max-width: 767px) 89vw, (max-width: 1000px) 54vw, (max-width: 1071px) 543px, 580px\" \/><\/td><td class=\"has-text-align-left\" data-align=\"left\">1 CR<\/td><td class=\"has-text-align-left\" data-align=\"left\">15.000<\/td><\/tr><tr><td><img loading=\"lazy\" width=\"996\" height=\"656\" class=\"wp-image-2527\" src=\"https:\/\/carolor.org\/wp-content\/uploads\/2020\/09\/Billet-5.png\" alt=\"\" style=\"width: 120px;\" srcset=\"https:\/\/carolor.org\/wp-content\/uploads\/2020\/09\/Billet-5.png 996w, https:\/\/carolor.org\/wp-content\/uploads\/2020\/09\/Billet-5-300x198.png 300w, https:\/\/carolor.org\/wp-content\/uploads\/2020\/09\/Billet-5-768x506.png 768w\" sizes=\"(max-width: 767px) 89vw, (max-width: 1000px) 54vw, (max-width: 1071px) 543px, 580px\" \/><\/td><td class=\"has-text-align-left\" data-align=\"left\">5 CR<\/td><td class=\"has-text-align-left\" data-align=\"left\">8.000<\/td><\/tr><tr><td><img loading=\"lazy\" width=\"1190\" height=\"700\" class=\"wp-image-2528\" src=\"https:\/\/carolor.org\/wp-content\/uploads\/2020\/09\/Billet-13.png\" alt=\"\" style=\"width: 130px;\" srcset=\"https:\/\/carolor.org\/wp-content\/uploads\/2020\/09\/Billet-13.png 1190w, https:\/\/carolor.org\/wp-content\/uploads\/2020\/09\/Billet-13-300x176.png 300w, https:\/\/carolor.org\/wp-content\/uploads\/2020\/09\/Billet-13-1024x602.png 1024w, https:\/\/carolor.org\/wp-content\/uploads\/2020\/09\/Billet-13-768x452.png 768w\" sizes=\"(max-width: 767px) 89vw, (max-width: 1000px) 54vw, (max-width: 1071px) 543px, 580px\" \/><\/td><td class=\"has-text-align-left\" data-align=\"left\">13 CR<\/td><td class=\"has-text-align-left\" data-align=\"left\">4.000<\/td><\/tr><tr><td><img loading=\"lazy\" width=\"1196\" height=\"656\" class=\"wp-image-2529\" src=\"https:\/\/carolor.org\/wp-content\/uploads\/2020\/09\/Billet-25.png\" alt=\"\" style=\"width: 140px;\" srcset=\"https:\/\/carolor.org\/wp-content\/uploads\/2020\/09\/Billet-25.png 1196w, https:\/\/carolor.org\/wp-content\/uploads\/2020\/09\/Billet-25-300x165.png 300w, https:\/\/carolor.org\/wp-content\/uploads\/2020\/09\/Billet-25-1024x562.png 1024w, https:\/\/carolor.org\/wp-content\/uploads\/2020\/09\/Billet-25-768x421.png 768w\" sizes=\"(max-width: 767px) 89vw, (max-width: 1000px) 54vw, (max-width: 1071px) 543px, 580px\" \/><\/td><td class=\"has-text-align-left\" data-align=\"left\">25 CR<\/td><td class=\"has-text-align-left\" data-align=\"left\">2.000<\/td><\/tr><\/tbody><\/table><figcaption>Quantit\u00e9 initialement imprim\u00e9e pour chaque billet, soit un total de 159.500 CR<\/figcaption><\/figure>\n\n\n\n<h2>Comment s&#8217;est pass\u00e9 la cr\u00e9ation des billets ?<\/h2>\n\n\n\n<p>Gr\u00e2ce au soutien de l\u2019Eden | Centre Culturel de Charleroi, l\u2019identit\u00e9 visuelle du Carol\u2019Or a \u00e9t\u00e9 confi\u00e9e \u00e0 Pierre Papier Studio&nbsp; : un studio de graphistes professionnels compos\u00e9 de Nicolas Belayew et Paul Marique et bas\u00e9 \u00e0 Charleroi.<\/p>\n\n\n\n<p>Ils ont d&#8217;abord cr\u00e9\u00e9 le logo de notre monnaie et jet\u00e9 les bases de notre charte graphique.  Ils se sont ensuite attaqu\u00e9 aux billets, en commen\u00e7ant naturellement&#8230; par le billet de 13 CR !<\/p>\n\n\n\n<p>Les propositions de Pierre Papier Studio ont tout de suite convaincu notre groupe. Chaque billet fait r\u00e9f\u00e9rence \u00e0 une facette de notre r\u00e9gion&nbsp; : la sympathie de ses habitant.e.s, le sport, le foklore, le patrimoine industriel et les chemins de halage. Chaque billet permet de conna\u00eetre certaines anecdotes de notre r\u00e9gion.<\/p>\n\n\n\n<h2>Comment se procurer ces billets ?<\/h2>\n\n\n\n<p>Il suffit de passer \u00e0 notre si\u00e8ge au 77-79 de la rue de la Montagne \u00e0 Charleroi ou de vous rendre dans l&#8217;un de nos nombreux comptoirs de change.<\/p>\n\n\n\n<p>Les Carol&#8217;Or s&#8217;ach\u00e8tent \u00e0 leur valeur faciale 1 CR = 1 \u20ac.<\/p>\n\n\n\n<div class=\"wp-block-columns\">\n<div class=\"wp-block-column\">\n<div class=\"wp-block-image\"><figure class=\"aligncenter size-thumbnail\"><img loading=\"lazy\" width=\"150\" height=\"150\" src=\"https:\/\/carolor.org\/wp-content\/uploads\/2020\/09\/CR_Vitrine_Comptoir_change_PMS-150x150.png\" alt=\"\" class=\"wp-image-2520\" srcset=\"https:\/\/carolor.org\/wp-content\/uploads\/2020\/09\/CR_Vitrine_Comptoir_change_PMS-150x150.png 150w, https:\/\/carolor.org\/wp-content\/uploads\/2020\/09\/CR_Vitrine_Comptoir_change_PMS-100x100.png 100w\" sizes=\"(max-width: 150px) 100vw, 150px\" \/><\/figure><\/div>\n<\/div>\n\n\n\n<div class=\"wp-block-column\">\n<div class=\"wp-block-buttons\">\n<div class=\"wp-block-button\"><a class=\"wp-block-button__link has-black-color has-pale-cyan-blue-background-color has-text-color has-background\" href=\"https:\/\/carolor.org\/index.php\/liste-comptoirs-de-change\/\">Carte interactive des comptoirs de change<\/a><\/div>\n<\/div>\n<\/div>\n<\/div>\n\n\n\n<figure class=\"wp-block-video\"><video controls src=\"https:\/\/carolor.org\/wp-content\/uploads\/2020\/07\/PPS.mp4\"><\/video><\/figure>\n\n\n\n<p><\/p>\n\n\n\n<h2>S\u00e9curit\u00e9<\/h2>\n\n\n\n<p>Bien que ludiques sur le plan visuel, les billets comportent plusieurs m\u00e9canismes de s\u00e9curit\u00e9 pour se pr\u00e9munir contre toute falsification&nbsp; : le choix du papier et des encres d\u2019impression, num\u00e9ro de s\u00e9rie, etc.<\/p>\n\n\n\n<p>Sur le plan de la confiance, chaque Euro re\u00e7u lors de l&#8217;achat des billets est conserv\u00e9 dans un compte de contrepartie.  C&#8217;est la garantie de pouvoir restituer des Euros \u00e0 un commer\u00e7ant qui d\u00e9sirerait de se retirer de notre r\u00e9seau et viendrait donc reconvertir les billets.<\/p>\n\n\n\n<p><\/p>\n\n\n\n<h2>Jeu<\/h2>\n\n\n\n<p>Vous voulez jouer avec nous ?  Imprimez le logo du Carol&#8217;Or et amusez-vous \u00e0 imaginer des personnages.  Vous pouvez d\u00e9poser vos oeuvres \u00e0 notre si\u00e8ge de la rue de la Montagne \u00e0 Charleroi o\u00f9 nous nous ferons un plaisir de les afficher !<\/p>\n\n\n\n<div class=\"wp-block-columns\">\n<div class=\"wp-block-column\">\n<figure class=\"wp-block-image size-large is-resized\"><img loading=\"lazy\" src=\"https:\/\/carolor.org\/wp-content\/uploads\/2020\/09\/Dessine-moi-exemple-768x1024.jpg\" alt=\"\" class=\"wp-image-2522\" width=\"192\" height=\"256\" srcset=\"https:\/\/carolor.org\/wp-content\/uploads\/2020\/09\/Dessine-moi-exemple-768x1024.jpg 768w, https:\/\/carolor.org\/wp-content\/uploads\/2020\/09\/Dessine-moi-exemple-225x300.jpg 225w, https:\/\/carolor.org\/wp-content\/uploads\/2020\/09\/Dessine-moi-exemple-1152x1536.jpg 1152w, https:\/\/carolor.org\/wp-content\/uploads\/2020\/09\/Dessine-moi-exemple.jpg 1200w\" sizes=\"(max-width: 192px) 100vw, 192px\" \/><\/figure>\n<\/div>\n\n\n\n<div class=\"wp-block-column\">\n<div class=\"wp-block-file\"><a href=\"https:\/\/carolor.org\/wp-content\/uploads\/2020\/09\/jeu_dessin.pdf\">jeu_dessin<\/a><a href=\"https:\/\/carolor.org\/wp-content\/uploads\/2020\/09\/jeu_dessin.pdf\" class=\"wp-block-file__button\" download>T\u00e9l\u00e9charger<\/a><\/div>\n<\/div>\n<\/div>\n","protected":false},"excerpt":{"rendered":"<p>Les coupures Nous avons choisi de d\u00e9cliner les billets du Carol&#8217;Or en 5 coupures: 0,5 CR, 1CR, 5CR, 13CR et 25CR Valeur Quantit\u00e9 0,5 CR 5.000 1 CR 15.000 5 &hellip; <\/p>\n<p class=\"link-more\"><a href=\"https:\/\/carolor.org\/index.php\/le-carolor-le-billet\/\" class=\"more-link\">Continuer la lecture<span class=\"screen-reader-text\"> de &laquo;&nbsp;Le Carol&#8217;Or: le billet&nbsp;&raquo;<\/span><\/a><\/p>\n","protected":false},"author":2,"featured_media":0,"parent":0,"menu_order":0,"comment_status":"closed","ping_status":"closed","template":"","meta":[],"yoast_head":"<!-- This site is optimized with the Yoast SEO plugin v18.4.1 - https:\/\/yoast.com\/wordpress\/plugins\/seo\/ -->\n<title>Le Carol&#039;Or: le billet -<\/title>\n<meta name=\"description\" content=\"Bienvenue sur le site du Carol&#039;or, voici la cr\u00e9ation de la monnaie citoyenne du pays de Charleroi et de la Haute Sambre\" \/>\n<meta name=\"robots\" content=\"index, follow, max-snippet:-1, max-image-preview:large, max-video-preview:-1\" \/>\n<link rel=\"canonical\" href=\"https:\/\/carolor.org\/index.php\/le-carolor-le-billet\/\" \/>\n<meta property=\"og:locale\" content=\"fr_FR\" \/>\n<meta property=\"og:type\" content=\"article\" \/>\n<meta property=\"og:title\" content=\"Le Carol&#039;Or: le billet -\" \/>\n<meta property=\"og:description\" content=\"Bienvenue sur le site du Carol&#039;or, voici la cr\u00e9ation de la monnaie citoyenne du pays de Charleroi et de la Haute Sambre\" \/>\n<meta property=\"og:url\" content=\"https:\/\/carolor.org\/index.php\/le-carolor-le-billet\/\" \/>\n<meta property=\"article:publisher\" content=\"http:\/\/www.facebook.com\/LeCarolOr\/\" \/>\n<meta property=\"article:modified_time\" content=\"2022-10-21T09:15:46+00:00\" \/>\n<meta property=\"og:image\" content=\"https:\/\/carolor.org\/wp-content\/uploads\/2020\/09\/Billet-05-1.png\" \/>\n<meta name=\"twitter:card\" content=\"summary_large_image\" \/>\n<meta name=\"twitter:site\" content=\"@carol_or\" \/>\n<meta name=\"twitter:label1\" content=\"Dur\u00e9e de lecture estim\u00e9e\" \/>\n\t<meta name=\"twitter:data1\" content=\"4 minutes\" \/>\n<script type=\"application\/ld+json\" class=\"yoast-schema-graph\">{\"@context\":\"https:\/\/schema.org\",\"@graph\":[{\"@type\":\"Organization\",\"@id\":\"https:\/\/carolor.org\/#organization\",\"name\":\"Carol'Or\",\"url\":\"https:\/\/carolor.org\/\",\"sameAs\":[\"http:\/\/www.facebook.com\/LeCarolOr\/\",\"https:\/\/twitter.com\/carol_or\"],\"logo\":{\"@type\":\"ImageObject\",\"@id\":\"https:\/\/carolor.org\/#logo\",\"inLanguage\":\"fr-FR\",\"url\":\"https:\/\/carolor.org\/wp-content\/uploads\/2018\/10\/CarolOr_Logo_Noir-e1540477867364.png\",\"contentUrl\":\"https:\/\/carolor.org\/wp-content\/uploads\/2018\/10\/CarolOr_Logo_Noir-e1540477867364.png\",\"width\":600,\"height\":494,\"caption\":\"Carol'Or\"},\"image\":{\"@id\":\"https:\/\/carolor.org\/#logo\"}},{\"@type\":\"WebSite\",\"@id\":\"https:\/\/carolor.org\/#website\",\"url\":\"https:\/\/carolor.org\/\",\"name\":\"Carol'Or\",\"description\":\"La monnaie citoyenne du pays de Charleroi et de la Haute Sambre\",\"publisher\":{\"@id\":\"https:\/\/carolor.org\/#organization\"},\"potentialAction\":[{\"@type\":\"SearchAction\",\"target\":{\"@type\":\"EntryPoint\",\"urlTemplate\":\"https:\/\/carolor.org\/?s={search_term_string}\"},\"query-input\":\"required name=search_term_string\"}],\"inLanguage\":\"fr-FR\"},{\"@type\":\"ImageObject\",\"@id\":\"https:\/\/carolor.org\/index.php\/le-carolor-le-billet\/#primaryimage\",\"inLanguage\":\"fr-FR\",\"url\":\"https:\/\/carolor.org\/wp-content\/uploads\/2020\/09\/Billet-05-1.png\",\"contentUrl\":\"https:\/\/carolor.org\/wp-content\/uploads\/2020\/09\/Billet-05-1.png\",\"width\":802,\"height\":652},{\"@type\":\"WebPage\",\"@id\":\"https:\/\/carolor.org\/index.php\/le-carolor-le-billet\/#webpage\",\"url\":\"https:\/\/carolor.org\/index.php\/le-carolor-le-billet\/\",\"name\":\"Le Carol'Or: le billet -\",\"isPartOf\":{\"@id\":\"https:\/\/carolor.org\/#website\"},\"primaryImageOfPage\":{\"@id\":\"https:\/\/carolor.org\/index.php\/le-carolor-le-billet\/#primaryimage\"},\"datePublished\":\"2020-09-17T05:26:51+00:00\",\"dateModified\":\"2022-10-21T09:15:46+00:00\",\"description\":\"Bienvenue sur le site du Carol'or, voici la cr\u00e9ation de la monnaie citoyenne du pays de Charleroi et de la Haute Sambre\",\"breadcrumb\":{\"@id\":\"https:\/\/carolor.org\/index.php\/le-carolor-le-billet\/#breadcrumb\"},\"inLanguage\":\"fr-FR\",\"potentialAction\":[{\"@type\":\"ReadAction\",\"target\":[\"https:\/\/carolor.org\/index.php\/le-carolor-le-billet\/\"]}]},{\"@type\":\"BreadcrumbList\",\"@id\":\"https:\/\/carolor.org\/index.php\/le-carolor-le-billet\/#breadcrumb\",\"itemListElement\":[{\"@type\":\"ListItem\",\"position\":1,\"name\":\"Accueil\",\"item\":\"https:\/\/carolor.org\/\"},{\"@type\":\"ListItem\",\"position\":2,\"name\":\"Le Carol&#8217;Or: le billet\"}]}]}<\/script>\n<!-- \/ Yoast SEO plugin. -->","yoast_head_json":{"title":"Le Carol'Or: le billet -","description":"Bienvenue sur le site du Carol'or, voici la cr\u00e9ation de la monnaie citoyenne du pays de Charleroi et de la Haute Sambre","robots":{"index":"index","follow":"follow","max-snippet":"max-snippet:-1","max-image-preview":"max-image-preview:large","max-video-preview":"max-video-preview:-1"},"canonical":"https:\/\/carolor.org\/index.php\/le-carolor-le-billet\/","og_locale":"fr_FR","og_type":"article","og_title":"Le Carol'Or: le billet -","og_description":"Bienvenue sur le site du Carol'or, voici la cr\u00e9ation de la monnaie citoyenne du pays de Charleroi et de la Haute Sambre","og_url":"https:\/\/carolor.org\/index.php\/le-carolor-le-billet\/","article_publisher":"http:\/\/www.facebook.com\/LeCarolOr\/","article_modified_time":"2022-10-21T09:15:46+00:00","og_image":[{"url":"https:\/\/carolor.org\/wp-content\/uploads\/2020\/09\/Billet-05-1.png"}],"twitter_card":"summary_large_image","twitter_site":"@carol_or","twitter_misc":{"Dur\u00e9e de lecture estim\u00e9e":"4 minutes"},"schema":{"@context":"https:\/\/schema.org","@graph":[{"@type":"Organization","@id":"https:\/\/carolor.org\/#organization","name":"Carol'Or","url":"https:\/\/carolor.org\/","sameAs":["http:\/\/www.facebook.com\/LeCarolOr\/","https:\/\/twitter.com\/carol_or"],"logo":{"@type":"ImageObject","@id":"https:\/\/carolor.org\/#logo","inLanguage":"fr-FR","url":"https:\/\/carolor.org\/wp-content\/uploads\/2018\/10\/CarolOr_Logo_Noir-e1540477867364.png","contentUrl":"https:\/\/carolor.org\/wp-content\/uploads\/2018\/10\/CarolOr_Logo_Noir-e1540477867364.png","width":600,"height":494,"caption":"Carol'Or"},"image":{"@id":"https:\/\/carolor.org\/#logo"}},{"@type":"WebSite","@id":"https:\/\/carolor.org\/#website","url":"https:\/\/carolor.org\/","name":"Carol'Or","description":"La monnaie citoyenne du pays de Charleroi et de la Haute Sambre","publisher":{"@id":"https:\/\/carolor.org\/#organization"},"potentialAction":[{"@type":"SearchAction","target":{"@type":"EntryPoint","urlTemplate":"https:\/\/carolor.org\/?s={search_term_string}"},"query-input":"required name=search_term_string"}],"inLanguage":"fr-FR"},{"@type":"ImageObject","@id":"https:\/\/carolor.org\/index.php\/le-carolor-le-billet\/#primaryimage","inLanguage":"fr-FR","url":"https:\/\/carolor.org\/wp-content\/uploads\/2020\/09\/Billet-05-1.png","contentUrl":"https:\/\/carolor.org\/wp-content\/uploads\/2020\/09\/Billet-05-1.png","width":802,"height":652},{"@type":"WebPage","@id":"https:\/\/carolor.org\/index.php\/le-carolor-le-billet\/#webpage","url":"https:\/\/carolor.org\/index.php\/le-carolor-le-billet\/","name":"Le Carol'Or: le billet -","isPartOf":{"@id":"https:\/\/carolor.org\/#website"},"primaryImageOfPage":{"@id":"https:\/\/carolor.org\/index.php\/le-carolor-le-billet\/#primaryimage"},"datePublished":"2020-09-17T05:26:51+00:00","dateModified":"2022-10-21T09:15:46+00:00","description":"Bienvenue sur le site du Carol'or, voici la cr\u00e9ation de la monnaie citoyenne du pays de Charleroi et de la Haute Sambre","breadcrumb":{"@id":"https:\/\/carolor.org\/index.php\/le-carolor-le-billet\/#breadcrumb"},"inLanguage":"fr-FR","potentialAction":[{"@type":"ReadAction","target":["https:\/\/carolor.org\/index.php\/le-carolor-le-billet\/"]}]},{"@type":"BreadcrumbList","@id":"https:\/\/carolor.org\/index.php\/le-carolor-le-billet\/#breadcrumb","itemListElement":[{"@type":"ListItem","position":1,"name":"Accueil","item":"https:\/\/carolor.org\/"},{"@type":"ListItem","position":2,"name":"Le Carol&#8217;Or: le billet"}]}]}},"_links":{"self":[{"href":"https:\/\/carolor.org\/index.php\/wp-json\/wp\/v2\/pages\/2511"}],"collection":[{"href":"https:\/\/carolor.org\/index.php\/wp-json\/wp\/v2\/pages"}],"about":[{"href":"https:\/\/carolor.org\/index.php\/wp-json\/wp\/v2\/types\/page"}],"author":[{"embeddable":true,"href":"https:\/\/carolor.org\/index.php\/wp-json\/wp\/v2\/users\/2"}],"replies":[{"embeddable":true,"href":"https:\/\/carolor.org\/index.php\/wp-json\/wp\/v2\/comments?post=2511"}],"version-history":[{"count":7,"href":"https:\/\/carolor.org\/index.php\/wp-json\/wp\/v2\/pages\/2511\/revisions"}],"predecessor-version":[{"id":2538,"href":"https:\/\/carolor.org\/index.php\/wp-json\/wp\/v2\/pages\/2511\/revisions\/2538"}],"wp:attachment":[{"href":"https:\/\/carolor.org\/index.php\/wp-json\/wp\/v2\/media?parent=2511"}],"curies":[{"name":"wp","href":"https:\/\/api.w.org\/{rel}","templated":true}]}}